{"id":488,"date":"2025-01-24T12:48:22","date_gmt":"2025-01-24T11:48:22","guid":{"rendered":"http:\/\/wordpress.p679363.webspaceconfig.de\/?page_id=488"},"modified":"2025-01-24T12:48:51","modified_gmt":"2025-01-24T11:48:51","slug":"die-5-phasen-der-mediation","status":"publish","type":"page","link":"https:\/\/fammediation.de\/index.php\/die-5-phasen-der-mediation\/","title":{"rendered":"Die 5 Phasen der Mediation"},"content":{"rendered":"\t\t<div data-elementor-type=\"wp-page\" data-elementor-id=\"488\" class=\"elementor elementor-488\" data-elementor-post-type=\"page\">\n\t\t\t\t\t\t<section class=\"elementor-section elementor-top-section elementor-element elementor-element-99c4187 elementor-section-boxed elementor-section-height-default elementor-section-height-default\" data-id=\"99c4187\" data-element_type=\"section\" data-settings=\"{&quot;background_background&quot;:&quot;classic&quot;}\">\n\t\t\t\t\t\t<div class=\"elementor-container elementor-column-gap-default\">\n\t\t\t\t\t<div class=\"elementor-column elementor-col-50 elementor-top-column elementor-element elementor-element-eb4f878\" data-id=\"eb4f878\" data-element_type=\"column\">\n\t\t\t<div class=\"elementor-widget-wrap elementor-element-populated\">\n\t\t\t\t\t\t<div class=\"elementor-element elementor-element-3130cdb elementor-widget elementor-widget-heading\" data-id=\"3130cdb\" data-element_type=\"widget\" data-widget_type=\"heading.default\">\n\t\t\t\t<div class=\"elementor-widget-container\">\n\t\t\t<h2 class=\"elementor-heading-title elementor-size-default\">Die 5 Phasen <br>der Mediation<\/h2>\t\t<\/div>\n\t\t\t\t<\/div>\n\t\t\t\t\t<\/div>\n\t\t<\/div>\n\t\t\t\t<div class=\"elementor-column elementor-col-50 elementor-top-column elementor-element elementor-element-39238c1\" data-id=\"39238c1\" data-element_type=\"column\">\n\t\t\t<div class=\"elementor-widget-wrap elementor-element-populated\">\n\t\t\t\t\t\t<div class=\"elementor-element elementor-element-280aba4 elementor-widget elementor-widget-text-editor\" data-id=\"280aba4\" data-element_type=\"widget\" data-widget_type=\"text-editor.default\">\n\t\t\t\t<div class=\"elementor-widget-container\">\n\t\t\t\t\t\t\t<p>Die 5 Phasen der Mediation sind strukturierte Schritte, die Mediatoren einsetzen, um Konflikte effektiv zu l\u00f6sen. Sie bieten einen klaren Rahmen, um die Konfliktparteien durch den Prozess zu f\u00fchren. Mediation ist ein freiwilliger und ergebnisoffener Prozess, der auf Kooperation und gegenseitigem Respekt basiert. Die 5 Phasen helfen dabei, den Konflikt systematisch und zielf\u00fchrend zu bearbeiten.<\/p>\t\t\t\t\t\t<\/div>\n\t\t\t\t<\/div>\n\t\t\t\t\t<\/div>\n\t\t<\/div>\n\t\t\t\t\t<\/div>\n\t\t<\/section>\n\t\t<div class=\"elementor-element elementor-element-7e89d18 e-con-full e-flex e-con e-parent\" data-id=\"7e89d18\" data-element_type=\"container\" data-settings=\"{&quot;background_background&quot;:&quot;classic&quot;}\">\n\t\t<div class=\"elementor-element elementor-element-6724ff8f e-con-full e-flex e-con e-child\" data-id=\"6724ff8f\" data-element_type=\"container\">\n\t\t\t\t<div class=\"elementor-element elementor-element-17fac0f6 elementor-widget elementor-widget-heading\" data-id=\"17fac0f6\" data-element_type=\"widget\" data-widget_type=\"heading.default\">\n\t\t\t\t<div class=\"elementor-widget-container\">\n\t\t\t<h2 class=\"elementor-heading-title elementor-size-default\">Einleitung (Er\u00f6ffnungsphase)<\/h2>\t\t<\/div>\n\t\t\t\t<\/div>\n\t\t\t\t<div class=\"elementor-element elementor-element-1d4c7c2 elementor-widget elementor-widget-text-editor\" data-id=\"1d4c7c2\" data-element_type=\"widget\" data-widget_type=\"text-editor.default\">\n\t\t\t\t<div class=\"elementor-widget-container\">\n\t\t\t\t\t\t\t<p>In dieser Phase stellt der Mediator den Ablauf und die Regeln der Mediation vor. Es wird ein vertrauensvolles Umfeld geschaffen, in dem die Parteien sich sicher f\u00fchlen. Wichtige Punkte sind:<\/p><ul><li>Kl\u00e4rung der Rollen des Mediators und der Beteiligten<\/li><li>Erkl\u00e4rung der Vertraulichkeit<\/li><li>Zustimmung der Parteien zur Mediation<\/li><\/ul>\t\t\t\t\t\t<\/div>\n\t\t\t\t<\/div>\n\t\t\t\t<\/div>\n\t\t<div class=\"elementor-element elementor-element-3f722b88 e-con-full e-flex e-con e-child\" data-id=\"3f722b88\" data-element_type=\"container\">\n\t\t\t\t<div class=\"elementor-element elementor-element-165ca8a7 elementor-widget elementor-widget-image\" data-id=\"165ca8a7\" data-element_type=\"widget\" data-widget_type=\"image.default\">\n\t\t\t\t<div class=\"elementor-widget-container\">\n\t\t\t\t\t\t\t\t\t\t\t\t\t<img fetchpriority=\"high\" decoding=\"async\" width=\"1920\" height=\"960\" src=\"https:\/\/fammediation.de\/wp-content\/uploads\/2024\/11\/Stock_Sitzung.jpg\" class=\"attachment-full size-full wp-image-282\" alt=\"\" srcset=\"https:\/\/fammediation.de\/wp-content\/uploads\/2024\/11\/Stock_Sitzung.jpg 1920w, https:\/\/fammediation.de\/wp-content\/uploads\/2024\/11\/Stock_Sitzung-300x150.jpg 300w, https:\/\/fammediation.de\/wp-content\/uploads\/2024\/11\/Stock_Sitzung-1024x512.jpg 1024w, https:\/\/fammediation.de\/wp-content\/uploads\/2024\/11\/Stock_Sitzung-768x384.jpg 768w, https:\/\/fammediation.de\/wp-content\/uploads\/2024\/11\/Stock_Sitzung-1536x768.jpg 1536w\" sizes=\"(max-width: 1920px) 100vw, 1920px\" \/>\t\t\t\t\t\t\t\t\t\t\t\t\t<\/div>\n\t\t\t\t<\/div>\n\t\t\t\t<\/div>\n\t\t\t\t<\/div>\n\t\t<div class=\"elementor-element elementor-element-6938dc06 e-con-full e-flex e-con e-parent\" data-id=\"6938dc06\" data-element_type=\"container\" data-settings=\"{&quot;background_background&quot;:&quot;classic&quot;}\">\n\t\t<div class=\"elementor-element elementor-element-9c9f252 e-con-full e-flex e-con e-child\" data-id=\"9c9f252\" data-element_type=\"container\">\n\t\t\t\t<div class=\"elementor-element elementor-element-6c69287c elementor-widget elementor-widget-heading\" data-id=\"6c69287c\" data-element_type=\"widget\" data-widget_type=\"heading.default\">\n\t\t\t\t<div class=\"elementor-widget-container\">\n\t\t\t<h2 class=\"elementor-heading-title elementor-size-default\">Darstellung der Sichtweisen (Themensammlung)<\/h2>\t\t<\/div>\n\t\t\t\t<\/div>\n\t\t\t\t<div class=\"elementor-element elementor-element-e49d89f elementor-widget elementor-widget-text-editor\" data-id=\"e49d89f\" data-element_type=\"widget\" data-widget_type=\"text-editor.default\">\n\t\t\t\t<div class=\"elementor-widget-container\">\n\t\t\t\t\t\t\t<p>Jede Konfliktpartei hat die M\u00f6glichkeit, ihre Perspektive darzustellen, ohne unterbrochen zu werden. Ziel ist es, die Themen und Interessen hinter den Positionen zu sammeln. Der Mediator stellt sicher, dass sich beide Seiten geh\u00f6rt f\u00fchlen.<\/p>\t\t\t\t\t\t<\/div>\n\t\t\t\t<\/div>\n\t\t\t\t<\/div>\n\t\t<div class=\"elementor-element elementor-element-c051af0 e-con-full e-flex e-con e-child\" data-id=\"c051af0\" data-element_type=\"container\">\n\t\t\t\t<div class=\"elementor-element elementor-element-2c1439a8 elementor-widget elementor-widget-image\" data-id=\"2c1439a8\" data-element_type=\"widget\" data-widget_type=\"image.default\">\n\t\t\t\t<div class=\"elementor-widget-container\">\n\t\t\t\t\t\t\t\t\t\t\t\t\t<img decoding=\"async\" src=\"https:\/\/fammediation.de\/wp-content\/uploads\/elementor\/thumbs\/Sirotek_Whiteboard_Fragen-scaled-qzzviklwsnrerx5o3qygrwicnos6htoqk2p9etk83g.jpg\" title=\"Sirotek_Whiteboard_Fragen\" alt=\"Sirotek_Whiteboard_Fragen\" loading=\"lazy\" \/>\t\t\t\t\t\t\t\t\t\t\t\t\t<\/div>\n\t\t\t\t<\/div>\n\t\t\t\t<\/div>\n\t\t\t\t<\/div>\n\t\t<div class=\"elementor-element elementor-element-20614087 e-con-full e-flex e-con e-parent\" data-id=\"20614087\" data-element_type=\"container\" data-settings=\"{&quot;background_background&quot;:&quot;classic&quot;}\">\n\t\t<div class=\"elementor-element elementor-element-71d6d17b e-con-full e-flex e-con e-child\" data-id=\"71d6d17b\" data-element_type=\"container\">\n\t\t\t\t<div class=\"elementor-element elementor-element-2bbc2e82 elementor-widget elementor-widget-heading\" data-id=\"2bbc2e82\" data-element_type=\"widget\" data-widget_type=\"heading.default\">\n\t\t\t\t<div class=\"elementor-widget-container\">\n\t\t\t<h2 class=\"elementor-heading-title elementor-size-default\">Kl\u00e4rung der Interessen (Konfliktanalyse)<\/h2>\t\t<\/div>\n\t\t\t\t<\/div>\n\t\t\t\t<div class=\"elementor-element elementor-element-55d8f8d4 elementor-widget elementor-widget-text-editor\" data-id=\"55d8f8d4\" data-element_type=\"widget\" data-widget_type=\"text-editor.default\">\n\t\t\t\t<div class=\"elementor-widget-container\">\n\t\t\t\t\t\t\t<p>Der Mediator hilft, die tieferliegenden Interessen und Bed\u00fcrfnisse hinter den Standpunkten zu identifizieren. Diese Phase zielt darauf ab, das Verst\u00e4ndnis zwischen den Parteien zu f\u00f6rdern und die eigentlichen Ursachen des Konflikts zu beleuchten.<\/p>\t\t\t\t\t\t<\/div>\n\t\t\t\t<\/div>\n\t\t\t\t<\/div>\n\t\t<div class=\"elementor-element elementor-element-5e2361bb e-con-full e-flex e-con e-child\" data-id=\"5e2361bb\" data-element_type=\"container\">\n\t\t\t\t<div class=\"elementor-element elementor-element-6426df4d elementor-widget elementor-widget-image\" data-id=\"6426df4d\" data-element_type=\"widget\" data-widget_type=\"image.default\">\n\t\t\t\t<div class=\"elementor-widget-container\">\n\t\t\t\t\t\t\t\t\t\t\t\t\t<img decoding=\"async\" width=\"800\" height=\"534\" src=\"https:\/\/fammediation.de\/wp-content\/uploads\/2025\/01\/Sirotek_AmSchreibtisch-1024x683.jpg\" class=\"attachment-large size-large wp-image-407\" alt=\"\" srcset=\"https:\/\/fammediation.de\/wp-content\/uploads\/2025\/01\/Sirotek_AmSchreibtisch-1024x683.jpg 1024w, https:\/\/fammediation.de\/wp-content\/uploads\/2025\/01\/Sirotek_AmSchreibtisch-300x200.jpg 300w, https:\/\/fammediation.de\/wp-content\/uploads\/2025\/01\/Sirotek_AmSchreibtisch-768x512.jpg 768w, https:\/\/fammediation.de\/wp-content\/uploads\/2025\/01\/Sirotek_AmSchreibtisch-1536x1024.jpg 1536w, https:\/\/fammediation.de\/wp-content\/uploads\/2025\/01\/Sirotek_AmSchreibtisch-2048x1366.jpg 2048w\" sizes=\"(max-width: 800px) 100vw, 800px\" \/>\t\t\t\t\t\t\t\t\t\t\t\t\t<\/div>\n\t\t\t\t<\/div>\n\t\t\t\t<\/div>\n\t\t\t\t<\/div>\n\t\t<div class=\"elementor-element elementor-element-6e0de913 e-con-full e-flex e-con e-parent\" data-id=\"6e0de913\" data-element_type=\"container\" data-settings=\"{&quot;background_background&quot;:&quot;classic&quot;}\">\n\t\t<div class=\"elementor-element elementor-element-72201ade e-con-full e-flex e-con e-child\" data-id=\"72201ade\" data-element_type=\"container\">\n\t\t\t\t<div class=\"elementor-element elementor-element-5a10f78f elementor-widget elementor-widget-heading\" data-id=\"5a10f78f\" data-element_type=\"widget\" data-widget_type=\"heading.default\">\n\t\t\t\t<div class=\"elementor-widget-container\">\n\t\t\t<h2 class=\"elementor-heading-title elementor-size-default\">Entwicklung von L\u00f6sungen (Kreative Phase)<\/h2>\t\t<\/div>\n\t\t\t\t<\/div>\n\t\t\t\t<div class=\"elementor-element elementor-element-407d490d elementor-widget elementor-widget-text-editor\" data-id=\"407d490d\" data-element_type=\"widget\" data-widget_type=\"text-editor.default\">\n\t\t\t\t<div class=\"elementor-widget-container\">\n\t\t\t\t\t\t\t<p>Die Konfliktparteien entwickeln gemeinsam L\u00f6sungsm\u00f6glichkeiten. Der Fokus liegt auf kreativem und konstruktivem Denken, ohne sofort zu bewerten. Der Mediator moderiert und regt an, verschiedene Optionen zu pr\u00fcfen.<\/p>\t\t\t\t\t\t<\/div>\n\t\t\t\t<\/div>\n\t\t\t\t<\/div>\n\t\t<div class=\"elementor-element elementor-element-25df944d e-con-full e-flex e-con e-child\" data-id=\"25df944d\" data-element_type=\"container\">\n\t\t\t\t<div class=\"elementor-element elementor-element-2fbf5e5a elementor-widget elementor-widget-image\" data-id=\"2fbf5e5a\" data-element_type=\"widget\" data-widget_type=\"image.default\">\n\t\t\t\t<div class=\"elementor-widget-container\">\n\t\t\t\t\t\t\t\t\t\t\t\t\t<img decoding=\"async\" width=\"800\" height=\"450\" src=\"https:\/\/fammediation.de\/wp-content\/uploads\/2024\/11\/Stock_StepByStep-1024x576.jpg\" class=\"attachment-large size-large wp-image-281\" alt=\"\" srcset=\"https:\/\/fammediation.de\/wp-content\/uploads\/2024\/11\/Stock_StepByStep-1024x576.jpg 1024w, https:\/\/fammediation.de\/wp-content\/uploads\/2024\/11\/Stock_StepByStep-300x169.jpg 300w, https:\/\/fammediation.de\/wp-content\/uploads\/2024\/11\/Stock_StepByStep-768x432.jpg 768w, https:\/\/fammediation.de\/wp-content\/uploads\/2024\/11\/Stock_StepByStep-1536x864.jpg 1536w, https:\/\/fammediation.de\/wp-content\/uploads\/2024\/11\/Stock_StepByStep.jpg 1920w\" sizes=\"(max-width: 800px) 100vw, 800px\" \/>\t\t\t\t\t\t\t\t\t\t\t\t\t<\/div>\n\t\t\t\t<\/div>\n\t\t\t\t<\/div>\n\t\t\t\t<\/div>\n\t\t<div class=\"elementor-element elementor-element-12a24cd0 e-con-full e-flex e-con e-parent\" data-id=\"12a24cd0\" data-element_type=\"container\" data-settings=\"{&quot;background_background&quot;:&quot;classic&quot;}\">\n\t\t<div class=\"elementor-element elementor-element-1f136217 e-con-full e-flex e-con e-child\" data-id=\"1f136217\" data-element_type=\"container\">\n\t\t\t\t<div class=\"elementor-element elementor-element-6578046c elementor-widget elementor-widget-heading\" data-id=\"6578046c\" data-element_type=\"widget\" data-widget_type=\"heading.default\">\n\t\t\t\t<div class=\"elementor-widget-container\">\n\t\t\t<h2 class=\"elementor-heading-title elementor-size-default\">Vereinbarung (Abschluss)<\/h2>\t\t<\/div>\n\t\t\t\t<\/div>\n\t\t\t\t<div class=\"elementor-element elementor-element-6e13a00d elementor-widget elementor-widget-text-editor\" data-id=\"6e13a00d\" data-element_type=\"widget\" data-widget_type=\"text-editor.default\">\n\t\t\t\t<div class=\"elementor-widget-container\">\n\t\t\t\t\t\t\t<p>Die erarbeiteten L\u00f6sungen werden konkretisiert und in einer verbindlichen Vereinbarung festgehalten. Diese sollte so formuliert sein, dass sie f\u00fcr beide Seiten umsetzbar und nachvollziehbar ist. Ziel ist es, eine nachhaltige L\u00f6sung zu schaffen.<\/p>\t\t\t\t\t\t<\/div>\n\t\t\t\t<\/div>\n\t\t\t\t<\/div>\n\t\t<div class=\"elementor-element elementor-element-295250a e-con-full e-flex e-con e-child\" data-id=\"295250a\" data-element_type=\"container\">\n\t\t\t\t<div class=\"elementor-element elementor-element-2ad8dba4 elementor-widget elementor-widget-image\" data-id=\"2ad8dba4\" data-element_type=\"widget\" data-widget_type=\"image.default\">\n\t\t\t\t<div class=\"elementor-widget-container\">\n\t\t\t\t\t\t\t\t\t\t\t\t\t<img loading=\"lazy\" decoding=\"async\" width=\"800\" height=\"463\" src=\"https:\/\/fammediation.de\/wp-content\/uploads\/2024\/11\/Stock_Handschlag-1024x593.jpg\" class=\"attachment-large size-large wp-image-280\" alt=\"\" srcset=\"https:\/\/fammediation.de\/wp-content\/uploads\/2024\/11\/Stock_Handschlag-1024x593.jpg 1024w, https:\/\/fammediation.de\/wp-content\/uploads\/2024\/11\/Stock_Handschlag-300x174.jpg 300w, https:\/\/fammediation.de\/wp-content\/uploads\/2024\/11\/Stock_Handschlag-768x445.jpg 768w, https:\/\/fammediation.de\/wp-content\/uploads\/2024\/11\/Stock_Handschlag-1536x890.jpg 1536w, https:\/\/fammediation.de\/wp-content\/uploads\/2024\/11\/Stock_Handschlag.jpg 1920w\" sizes=\"(max-width: 800px) 100vw, 800px\" \/>\t\t\t\t\t\t\t\t\t\t\t\t\t<\/div>\n\t\t\t\t<\/div>\n\t\t\t\t<\/div>\n\t\t\t\t<\/div>\n\t\t\t\t<\/div>\n\t\t","protected":false},"excerpt":{"rendered":"<p>Die 5 Phasen der Mediation Die 5 Phasen der Mediation sind strukturierte Schritte, die Mediatoren einsetzen, um Konflikte effektiv zu l\u00f6sen. Sie bieten einen klaren Rahmen, um die Konfliktparteien durch den Prozess zu f\u00fchren. Mediation ist ein freiwilliger und ergebnisoffener Prozess, der auf Kooperation und gegenseitigem Respekt basiert. Die 5 Phasen helfen dabei, den Konflikt [&hellip;]<\/p>\n","protected":false},"author":4,"featured_media":0,"parent":0,"menu_order":0,"comment_status":"closed","ping_status":"closed","template":"","meta":{"footnotes":""},"class_list":["post-488","page","type-page","status-publish","hentry"],"_links":{"self":[{"href":"https:\/\/fammediation.de\/index.php\/wp-json\/wp\/v2\/pages\/488","targetHints":{"allow":["GET"]}}],"collection":[{"href":"https:\/\/fammediation.de\/index.php\/wp-json\/wp\/v2\/pages"}],"about":[{"href":"https:\/\/fammediation.de\/index.php\/wp-json\/wp\/v2\/types\/page"}],"author":[{"embeddable":true,"href":"https:\/\/fammediation.de\/index.php\/wp-json\/wp\/v2\/users\/4"}],"replies":[{"embeddable":true,"href":"https:\/\/fammediation.de\/index.php\/wp-json\/wp\/v2\/comments?post=488"}],"version-history":[{"count":3,"href":"https:\/\/fammediation.de\/index.php\/wp-json\/wp\/v2\/pages\/488\/revisions"}],"predecessor-version":[{"id":491,"href":"https:\/\/fammediation.de\/index.php\/wp-json\/wp\/v2\/pages\/488\/revisions\/491"}],"wp:attachment":[{"href":"https:\/\/fammediation.de\/index.php\/wp-json\/wp\/v2\/media?parent=488"}],"curies":[{"name":"wp","href":"https:\/\/api.w.org\/{rel}","templated":true}]}}