{"id":28,"date":"2024-11-05T10:49:34","date_gmt":"2024-11-05T09:49:34","guid":{"rendered":"http:\/\/wordpress.p679363.webspaceconfig.de\/?page_id=28"},"modified":"2025-04-15T09:24:23","modified_gmt":"2025-04-15T07:24:23","slug":"konfliktgebiete","status":"publish","type":"page","link":"https:\/\/fammediation.de\/index.php\/konfliktgebiete\/","title":{"rendered":"Vortr\u00e4ge &#038; Coachings"},"content":{"rendered":"\t\t<div data-elementor-type=\"wp-page\" data-elementor-id=\"28\" class=\"elementor elementor-28\" data-elementor-post-type=\"page\">\n\t\t\t\t\t\t<section class=\"elementor-section elementor-top-section elementor-element elementor-element-99c4187 elementor-section-boxed elementor-section-height-default elementor-section-height-default\" data-id=\"99c4187\" data-element_type=\"section\" data-settings=\"{&quot;background_background&quot;:&quot;classic&quot;}\">\n\t\t\t\t\t\t<div class=\"elementor-container elementor-column-gap-default\">\n\t\t\t\t\t<div class=\"elementor-column elementor-col-50 elementor-top-column elementor-element elementor-element-eb4f878\" data-id=\"eb4f878\" data-element_type=\"column\">\n\t\t\t<div class=\"elementor-widget-wrap elementor-element-populated\">\n\t\t\t\t\t\t<div class=\"elementor-element elementor-element-3130cdb elementor-widget elementor-widget-heading\" data-id=\"3130cdb\" data-element_type=\"widget\" data-widget_type=\"heading.default\">\n\t\t\t\t<div class=\"elementor-widget-container\">\n\t\t\t<h2 class=\"elementor-heading-title elementor-size-default\">Vortr\u00e4ge &amp; Coachings<\/h2>\t\t<\/div>\n\t\t\t\t<\/div>\n\t\t\t\t\t<\/div>\n\t\t<\/div>\n\t\t\t\t<div class=\"elementor-column elementor-col-50 elementor-top-column elementor-element elementor-element-39238c1\" data-id=\"39238c1\" data-element_type=\"column\">\n\t\t\t<div class=\"elementor-widget-wrap elementor-element-populated\">\n\t\t\t\t\t\t<div class=\"elementor-element elementor-element-280aba4 elementor-widget elementor-widget-text-editor\" data-id=\"280aba4\" data-element_type=\"widget\" data-widget_type=\"text-editor.default\">\n\t\t\t\t<div class=\"elementor-widget-container\">\n\t\t\t\t\t\t\t<p>Sie m\u00f6chten Ihre Kommunikationsf\u00e4higkeiten verbessern oder Konflikte effektiver l\u00f6sen? Meine Vortr\u00e4ge, Workshops und Coachings bieten praxisorientierte Unterst\u00fctzung f\u00fcr Einzelpersonen, F\u00fchrungskr\u00e4fte und Unternehmen. Ich helfe Ihnen, Kommunikationsbarrieren abzubauen und Konflikte konstruktiv zu l\u00f6sen \u2013 sowohl im Team als auch in schwierigen Gespr\u00e4chen. Nutzen Sie unser Angebot, um eine respektvolle und l\u00f6sungsorientierte Zusammenarbeit in Ihrem Unternehmen zu f\u00f6rdern.<\/p>\t\t\t\t\t\t<\/div>\n\t\t\t\t<\/div>\n\t\t\t\t\t<\/div>\n\t\t<\/div>\n\t\t\t\t\t<\/div>\n\t\t<\/section>\n\t\t<div class=\"elementor-element elementor-element-7e89d18 e-con-full e-flex e-con e-parent\" data-id=\"7e89d18\" data-element_type=\"container\" data-settings=\"{&quot;background_background&quot;:&quot;classic&quot;}\">\n\t\t<div class=\"elementor-element elementor-element-6724ff8f e-con-full e-flex e-con e-child\" data-id=\"6724ff8f\" data-element_type=\"container\">\n\t\t\t\t<div class=\"elementor-element elementor-element-17fac0f6 elementor-widget elementor-widget-heading\" data-id=\"17fac0f6\" data-element_type=\"widget\" data-widget_type=\"heading.default\">\n\t\t\t\t<div class=\"elementor-widget-container\">\n\t\t\t<h2 class=\"elementor-heading-title elementor-size-default\">Vortr\u00e4ge<\/h2>\t\t<\/div>\n\t\t\t\t<\/div>\n\t\t\t\t<div class=\"elementor-element elementor-element-1d4c7c2 elementor-widget elementor-widget-text-editor\" data-id=\"1d4c7c2\" data-element_type=\"widget\" data-widget_type=\"text-editor.default\">\n\t\t\t\t<div class=\"elementor-widget-container\">\n\t\t\t\t\t\t\t<p>Meine Vortr\u00e4ge vermitteln praxisorientiertes Wissen zu Mediation, Konfliktmanagement und konfliktl\u00f6sender Kommunikation. Sie lernen, wie Sie Konflikte im Arbeitsumfeld konstruktiv l\u00f6sen und Missverst\u00e4ndnisse durch respektvolle Kommunikation vermeiden.<\/p><ul><li><strong>Grundlagen von Mediation<\/strong>: Einf\u00fchrung in die wichtigsten Methoden zur Konfliktbew\u00e4ltigung.<\/li><li><strong>Konfliktl\u00f6sende Kommunikation<\/strong>: Techniken f\u00fcr eine klare und respektvolle Kommunikation.<\/li><li><strong>Individuelle Themenanpassung<\/strong>: Vortr\u00e4ge, die speziell auf die Bed\u00fcrfnisse Ihres Unternehmens oder Teams zugeschnitten werden k\u00f6nnen.<\/li><\/ul><p>\u00a0<\/p><p>Meine Vortr\u00e4ge bieten wertvolle Impulse, um das Arbeitsumfeld zu verbessern und die Zusammenarbeit zu f\u00f6rdern.<\/p>\t\t\t\t\t\t<\/div>\n\t\t\t\t<\/div>\n\t\t\t\t<\/div>\n\t\t<div class=\"elementor-element elementor-element-3f722b88 e-con-full e-flex e-con e-child\" data-id=\"3f722b88\" data-element_type=\"container\">\n\t\t\t\t<div class=\"elementor-element elementor-element-165ca8a7 elementor-widget elementor-widget-image\" data-id=\"165ca8a7\" data-element_type=\"widget\" data-widget_type=\"image.default\">\n\t\t\t\t<div class=\"elementor-widget-container\">\n\t\t\t\t\t\t\t\t\t\t\t\t\t<img fetchpriority=\"high\" decoding=\"async\" width=\"2560\" height=\"1708\" src=\"https:\/\/fammediation.de\/wp-content\/uploads\/2025\/01\/Sirotek_AmSchreibtisch2-scaled.jpg\" class=\"attachment-full size-full wp-image-408\" alt=\"\" srcset=\"https:\/\/fammediation.de\/wp-content\/uploads\/2025\/01\/Sirotek_AmSchreibtisch2-scaled.jpg 2560w, https:\/\/fammediation.de\/wp-content\/uploads\/2025\/01\/Sirotek_AmSchreibtisch2-300x200.jpg 300w, https:\/\/fammediation.de\/wp-content\/uploads\/2025\/01\/Sirotek_AmSchreibtisch2-1024x683.jpg 1024w, https:\/\/fammediation.de\/wp-content\/uploads\/2025\/01\/Sirotek_AmSchreibtisch2-768x512.jpg 768w, https:\/\/fammediation.de\/wp-content\/uploads\/2025\/01\/Sirotek_AmSchreibtisch2-1536x1025.jpg 1536w, https:\/\/fammediation.de\/wp-content\/uploads\/2025\/01\/Sirotek_AmSchreibtisch2-2048x1366.jpg 2048w\" sizes=\"(max-width: 2560px) 100vw, 2560px\" \/>\t\t\t\t\t\t\t\t\t\t\t\t\t<\/div>\n\t\t\t\t<\/div>\n\t\t\t\t<\/div>\n\t\t\t\t<\/div>\n\t\t<div class=\"elementor-element elementor-element-6938dc06 e-con-full e-flex e-con e-parent\" data-id=\"6938dc06\" data-element_type=\"container\" data-settings=\"{&quot;background_background&quot;:&quot;classic&quot;}\">\n\t\t<div class=\"elementor-element elementor-element-9c9f252 e-con-full e-flex e-con e-child\" data-id=\"9c9f252\" data-element_type=\"container\">\n\t\t\t\t<div class=\"elementor-element elementor-element-6c69287c elementor-widget elementor-widget-heading\" data-id=\"6c69287c\" data-element_type=\"widget\" data-widget_type=\"heading.default\">\n\t\t\t\t<div class=\"elementor-widget-container\">\n\t\t\t<h2 class=\"elementor-heading-title elementor-size-default\">Workshops und Kommunikationstraining<\/h2>\t\t<\/div>\n\t\t\t\t<\/div>\n\t\t\t\t<div class=\"elementor-element elementor-element-e49d89f elementor-widget elementor-widget-text-editor\" data-id=\"e49d89f\" data-element_type=\"widget\" data-widget_type=\"text-editor.default\">\n\t\t\t\t<div class=\"elementor-widget-container\">\n\t\t\t\t\t\t\t<p>Meine Workshops und Kommunikationstrainings bieten Ihnen die M\u00f6glichkeit, Konfliktl\u00f6sungsstrategien und kommunikative F\u00e4higkeiten praxisnah zu erlernen und anzuwenden. Sie werden aktiv in den Lernprozess eingebunden, um L\u00f6sungen f\u00fcr typische Konfliktsituationen im Arbeitsalltag zu entwickeln.<\/p><ul><li><strong>Workshops zur Mediation<\/strong>: Erlernen Sie die Grundprinzipien der Mediation und \u00fcben Sie, Konflikte selbstst\u00e4ndig zu l\u00f6sen.<\/li><li><strong>Kommunikationstraining<\/strong>: Verbessern Sie Ihre Gespr\u00e4chsf\u00fchrung, lernen Sie aktives Zuh\u00f6ren und st\u00e4rken Sie Ihre F\u00e4higkeit, in schwierigen Gespr\u00e4chen konstruktiv zu bleiben.<\/li><li><strong>Trainings f\u00fcr Teams und F\u00fchrungskr\u00e4fte<\/strong>: Speziell auf die Bed\u00fcrfnisse von Teams und F\u00fchrungskr\u00e4ften abgestimmte Programme, die Zusammenarbeit und F\u00fchrungskompetenzen st\u00e4rken.<\/li><\/ul><p>\u00a0<\/p><p>Mit praxisorientierten \u00dcbungen und konkreten Anwendungsbeispielen bereite ich Sie auf die Herausforderungen der t\u00e4glichen Kommunikation vor.<\/p>\t\t\t\t\t\t<\/div>\n\t\t\t\t<\/div>\n\t\t\t\t<\/div>\n\t\t<div class=\"elementor-element elementor-element-c051af0 e-con-full e-flex e-con e-child\" data-id=\"c051af0\" data-element_type=\"container\">\n\t\t\t\t<div class=\"elementor-element elementor-element-2c1439a8 elementor-widget elementor-widget-image\" data-id=\"2c1439a8\" data-element_type=\"widget\" data-widget_type=\"image.default\">\n\t\t\t\t<div class=\"elementor-widget-container\">\n\t\t\t\t\t\t\t\t\t\t\t\t\t<img decoding=\"async\" src=\"https:\/\/fammediation.de\/wp-content\/uploads\/elementor\/thumbs\/kvalifik-5Q07sS54D0Q-unsplash-r4duyucwmopieovc0bco9e1k0um7vk4o5xan6r9cl8.jpg\" title=\"kvalifik-5Q07sS54D0Q-unsplash\" alt=\"workshop\" loading=\"lazy\" \/>\t\t\t\t\t\t\t\t\t\t\t\t\t<\/div>\n\t\t\t\t<\/div>\n\t\t\t\t<\/div>\n\t\t\t\t<\/div>\n\t\t<div class=\"elementor-element elementor-element-20614087 e-con-full e-flex e-con e-parent\" data-id=\"20614087\" data-element_type=\"container\" data-settings=\"{&quot;background_background&quot;:&quot;classic&quot;}\">\n\t\t<div class=\"elementor-element elementor-element-71d6d17b e-con-full e-flex e-con e-child\" data-id=\"71d6d17b\" data-element_type=\"container\">\n\t\t\t\t<div class=\"elementor-element elementor-element-2bbc2e82 elementor-widget elementor-widget-heading\" data-id=\"2bbc2e82\" data-element_type=\"widget\" data-widget_type=\"heading.default\">\n\t\t\t\t<div class=\"elementor-widget-container\">\n\t\t\t<h2 class=\"elementor-heading-title elementor-size-default\">Coaching<\/h2>\t\t<\/div>\n\t\t\t\t<\/div>\n\t\t\t\t<div class=\"elementor-element elementor-element-55d8f8d4 elementor-widget elementor-widget-text-editor\" data-id=\"55d8f8d4\" data-element_type=\"widget\" data-widget_type=\"text-editor.default\">\n\t\t\t\t<div class=\"elementor-widget-container\">\n\t\t\t\t\t\t\t<p>Mein Coaching-Angebot richtet sich an Einzelpersonen, F\u00fchrungskr\u00e4fte und Teams, die ihre Konfliktl\u00f6sungs-f\u00e4higkeiten sowie Kommunikationskompetenzen gezielt weiterentwickeln m\u00f6chten. In einem vertraulichen und strukturierten Rahmen arbeiten wir gemeinsam an konkreten Herausforderungen und finden individuelle L\u00f6sungen, die Sie in Ihrem Arbeitsalltag direkt anwenden k\u00f6nnen.<\/p><ul><li><strong>Einzel-Coaching<\/strong>: Entwickeln Sie Ihre pers\u00f6nlichen F\u00e4higkeiten in der Kommunikation und Konflikt-bew\u00e4ltigung weiter, um schwierige Situationen souver\u00e4n zu meistern.<\/li><li><strong>F\u00fchrungs-Coaching<\/strong>: F\u00fcr F\u00fchrungskr\u00e4fte bieten ich ma\u00dfgeschneiderte Unterst\u00fctzung, um ihre Rolle als Vermittler und Konfliktl\u00f6sende zu st\u00e4rken, Konflikte fr\u00fchzeitig zu erkennen und wirksam zu adressieren.<\/li><li><strong>Teamentwicklungs-Coaching<\/strong>: F\u00f6rdern Sie eine bessere Zusammenarbeit in Ihrem Team, indem Sie Kommunikation, Vertrauen und gegenseitigen Respekt gezielt verbessern.<\/li><\/ul><p>\u00a0<\/p><p>Mein Coaching hilft Ihnen, Konflikte proaktiv zu l\u00f6sen und langfristig eine konstruktive und harmonische Zusammenarbeit zu etablieren.<\/p>\t\t\t\t\t\t<\/div>\n\t\t\t\t<\/div>\n\t\t\t\t<\/div>\n\t\t<div class=\"elementor-element elementor-element-5e2361bb e-con-full e-flex e-con e-child\" data-id=\"5e2361bb\" data-element_type=\"container\">\n\t\t\t\t<div class=\"elementor-element elementor-element-6426df4d elementor-widget elementor-widget-image\" data-id=\"6426df4d\" data-element_type=\"widget\" data-widget_type=\"image.default\">\n\t\t\t\t<div class=\"elementor-widget-container\">\n\t\t\t\t\t\t\t\t\t\t\t\t\t<img decoding=\"async\" width=\"800\" height=\"534\" src=\"https:\/\/fammediation.de\/wp-content\/uploads\/2025\/01\/Sirotek_Portrait-1024x683.jpg\" class=\"attachment-large size-large wp-image-412\" alt=\"\" srcset=\"https:\/\/fammediation.de\/wp-content\/uploads\/2025\/01\/Sirotek_Portrait-1024x683.jpg 1024w, https:\/\/fammediation.de\/wp-content\/uploads\/2025\/01\/Sirotek_Portrait-300x200.jpg 300w, https:\/\/fammediation.de\/wp-content\/uploads\/2025\/01\/Sirotek_Portrait-768x512.jpg 768w, https:\/\/fammediation.de\/wp-content\/uploads\/2025\/01\/Sirotek_Portrait-1536x1024.jpg 1536w, https:\/\/fammediation.de\/wp-content\/uploads\/2025\/01\/Sirotek_Portrait-2048x1366.jpg 2048w\" sizes=\"(max-width: 800px) 100vw, 800px\" \/>\t\t\t\t\t\t\t\t\t\t\t\t\t<\/div>\n\t\t\t\t<\/div>\n\t\t\t\t<\/div>\n\t\t\t\t<\/div>\n\t\t<div class=\"elementor-element elementor-element-6e0de913 e-con-full e-flex e-con e-parent\" data-id=\"6e0de913\" data-element_type=\"container\" data-settings=\"{&quot;background_background&quot;:&quot;classic&quot;}\">\n\t\t<div class=\"elementor-element elementor-element-72201ade e-con-full e-flex e-con e-child\" data-id=\"72201ade\" data-element_type=\"container\">\n\t\t\t\t<div class=\"elementor-element elementor-element-5a10f78f elementor-widget elementor-widget-heading\" data-id=\"5a10f78f\" data-element_type=\"widget\" data-widget_type=\"heading.default\">\n\t\t\t\t<div class=\"elementor-widget-container\">\n\t\t\t<h2 class=\"elementor-heading-title elementor-size-default\">Meine Methodik<\/h2>\t\t<\/div>\n\t\t\t\t<\/div>\n\t\t\t\t<div class=\"elementor-element elementor-element-407d490d elementor-widget elementor-widget-text-editor\" data-id=\"407d490d\" data-element_type=\"widget\" data-widget_type=\"text-editor.default\">\n\t\t\t\t<div class=\"elementor-widget-container\">\n\t\t\t\t\t\t\t<p>Meine Vorgehensweise basiert auf erprobten und praxisorientierten Methoden, die ich individuell auf die Bed\u00fcrfnisse unserer Klienten anpassen. Wir kombinieren klassische Mediationstechniken mit modernen Kommunikationsans\u00e4tzen, um nachhaltige L\u00f6sungen f\u00fcr Konflikte zu entwickeln und die Zusammenarbeit zu f\u00f6rdern.<\/p><ul><li><strong>Praktische Ans\u00e4tze<\/strong>: Ich setze auf erlebbares Lernen, indem ich in meinen Vortr\u00e4gen, Workshops und Coachings konkrete, alltagsnahe Situationen bearbeite. So k\u00f6nnen Sie die erlernten Methoden direkt in Ihrem Arbeitsumfeld anwenden.<\/li><li><strong>Individuelle Anpassung<\/strong>: Jedes Unternehmen, jedes Team und jede Person hat eigene Herausforderungen. Deshalb passe ich die Methoden an Ihre spezifischen Bed\u00fcrfnisse an, um die besten Ergebnisse zu erzielen.<\/li><li><strong>Systemische Perspektive<\/strong>: Ich betrachte Konflikte nicht isoliert, sondern in ihrem Kontext, um die zugrunde liegenden Ursachen zu erkennen und L\u00f6sungen zu entwickeln, die f\u00fcr alle Beteiligten tragf\u00e4hig sind.<\/li><\/ul><p>\u00a0<\/p><p>Mit dieser ma\u00dfgeschneiderten Methodik schaffe ich ein tiefes Verst\u00e4ndnis f\u00fcr Konflikte und f\u00f6rdern eine langfristige, positive Ver\u00e4nderung in der Kommunikation und Zusammenarbeit.<\/p>\t\t\t\t\t\t<\/div>\n\t\t\t\t<\/div>\n\t\t\t\t<\/div>\n\t\t<div class=\"elementor-element elementor-element-25df944d e-con-full e-flex e-con e-child\" data-id=\"25df944d\" data-element_type=\"container\">\n\t\t\t\t<div class=\"elementor-element elementor-element-2fbf5e5a elementor-widget elementor-widget-image\" data-id=\"2fbf5e5a\" data-element_type=\"widget\" data-widget_type=\"image.default\">\n\t\t\t\t<div class=\"elementor-widget-container\">\n\t\t\t\t\t\t\t\t\t\t\t\t\t<img decoding=\"async\" width=\"683\" height=\"1024\" src=\"https:\/\/fammediation.de\/wp-content\/uploads\/2025\/01\/Sirotek_VorGrauerWand-683x1024.jpg\" class=\"attachment-large size-large wp-image-415\" alt=\"\" srcset=\"https:\/\/fammediation.de\/wp-content\/uploads\/2025\/01\/Sirotek_VorGrauerWand-683x1024.jpg 683w, https:\/\/fammediation.de\/wp-content\/uploads\/2025\/01\/Sirotek_VorGrauerWand-200x300.jpg 200w, https:\/\/fammediation.de\/wp-content\/uploads\/2025\/01\/Sirotek_VorGrauerWand-768x1151.jpg 768w, https:\/\/fammediation.de\/wp-content\/uploads\/2025\/01\/Sirotek_VorGrauerWand-1024x1536.jpg 1024w, https:\/\/fammediation.de\/wp-content\/uploads\/2025\/01\/Sirotek_VorGrauerWand-1366x2048.jpg 1366w, https:\/\/fammediation.de\/wp-content\/uploads\/2025\/01\/Sirotek_VorGrauerWand-scaled.jpg 1707w\" sizes=\"(max-width: 683px) 100vw, 683px\" \/>\t\t\t\t\t\t\t\t\t\t\t\t\t<\/div>\n\t\t\t\t<\/div>\n\t\t\t\t<\/div>\n\t\t\t\t<\/div>\n\t\t<div class=\"elementor-element elementor-element-12a24cd0 e-con-full e-flex e-con e-parent\" data-id=\"12a24cd0\" data-element_type=\"container\" data-settings=\"{&quot;background_background&quot;:&quot;classic&quot;}\">\n\t\t<div class=\"elementor-element elementor-element-1f136217 e-con-full e-flex e-con e-child\" data-id=\"1f136217\" data-element_type=\"container\">\n\t\t\t\t<div class=\"elementor-element elementor-element-6578046c elementor-widget elementor-widget-heading\" data-id=\"6578046c\" data-element_type=\"widget\" data-widget_type=\"heading.default\">\n\t\t\t\t<div class=\"elementor-widget-container\">\n\t\t\t<h2 class=\"elementor-heading-title elementor-size-default\">Vorteile<\/h2>\t\t<\/div>\n\t\t\t\t<\/div>\n\t\t\t\t<div class=\"elementor-element elementor-element-6e13a00d elementor-widget elementor-widget-text-editor\" data-id=\"6e13a00d\" data-element_type=\"widget\" data-widget_type=\"text-editor.default\">\n\t\t\t\t<div class=\"elementor-widget-container\">\n\t\t\t\t\t\t\t<p>Meine Vortr\u00e4ge und Coachings bieten sowohl Unternehmen als auch Einzelpersonen viele Vorteile. Sie verbessern die Kommunikation und Konfliktl\u00f6sungskompetenz und schaffen so eine positivere Arbeitsatmosph\u00e4re.<\/p><ul><li><p><strong>F\u00fcr Unternehmen<\/strong>: Durch bessere Kommunikation und weniger Konflikte steigt die Teamarbeit, Motivation und das Betriebsklima. Das f\u00fchrt zu h\u00f6herer Effizienz und weniger Krankheitsausf\u00e4llen.<\/p><\/li><li><p><strong>F\u00fcr Einzelpersonen<\/strong>: Sie st\u00e4rken Ihre Kommunikationsf\u00e4higkeiten und lernen, Konflikte souver\u00e4n zu l\u00f6sen, was Ihre berufliche Leistung und Ihr Wohlbefinden steigert.<\/p><\/li><\/ul><p>\u00a0<\/p><p>Meine Angebote schaffen eine Win-Win-Situation: Unternehmen profitieren von einem besseren Arbeitsumfeld, und Einzelpersonen entwickeln wertvolle, nachhaltige Kompetenzen.<\/p>\t\t\t\t\t\t<\/div>\n\t\t\t\t<\/div>\n\t\t\t\t<\/div>\n\t\t<div class=\"elementor-element elementor-element-295250a e-con-full e-flex e-con e-child\" data-id=\"295250a\" data-element_type=\"container\">\n\t\t\t\t<div class=\"elementor-element elementor-element-2ad8dba4 elementor-widget elementor-widget-image\" data-id=\"2ad8dba4\" data-element_type=\"widget\" data-widget_type=\"image.default\">\n\t\t\t\t<div class=\"elementor-widget-container\">\n\t\t\t\t\t\t\t\t\t\t\t\t\t<img loading=\"lazy\" decoding=\"async\" width=\"800\" height=\"513\" src=\"https:\/\/fammediation.de\/wp-content\/uploads\/2024\/11\/Stock_Benefits-1024x657.jpg\" class=\"attachment-large size-large wp-image-322\" alt=\"\" srcset=\"https:\/\/fammediation.de\/wp-content\/uploads\/2024\/11\/Stock_Benefits-1024x657.jpg 1024w, https:\/\/fammediation.de\/wp-content\/uploads\/2024\/11\/Stock_Benefits-300x193.jpg 300w, https:\/\/fammediation.de\/wp-content\/uploads\/2024\/11\/Stock_Benefits-768x493.jpg 768w, https:\/\/fammediation.de\/wp-content\/uploads\/2024\/11\/Stock_Benefits-1536x986.jpg 1536w, https:\/\/fammediation.de\/wp-content\/uploads\/2024\/11\/Stock_Benefits.jpg 1920w\" sizes=\"(max-width: 800px) 100vw, 800px\" \/>\t\t\t\t\t\t\t\t\t\t\t\t\t<\/div>\n\t\t\t\t<\/div>\n\t\t\t\t<\/div>\n\t\t\t\t<\/div>\n\t\t\t\t<\/div>\n\t\t","protected":false},"excerpt":{"rendered":"<p>Vortr\u00e4ge &amp; Coachings Sie m\u00f6chten Ihre Kommunikationsf\u00e4higkeiten verbessern oder Konflikte effektiver l\u00f6sen? Meine Vortr\u00e4ge, Workshops und Coachings bieten praxisorientierte Unterst\u00fctzung f\u00fcr Einzelpersonen, F\u00fchrungskr\u00e4fte und Unternehmen. Ich helfe Ihnen, Kommunikationsbarrieren abzubauen und Konflikte konstruktiv zu l\u00f6sen \u2013 sowohl im Team als auch in schwierigen Gespr\u00e4chen. Nutzen Sie unser Angebot, um eine respektvolle und l\u00f6sungsorientierte Zusammenarbeit in [&hellip;]<\/p>\n","protected":false},"author":1,"featured_media":0,"parent":0,"menu_order":0,"comment_status":"closed","ping_status":"closed","template":"","meta":{"footnotes":""},"class_list":["post-28","page","type-page","status-publish","hentry"],"_links":{"self":[{"href":"https:\/\/fammediation.de\/index.php\/wp-json\/wp\/v2\/pages\/28","targetHints":{"allow":["GET"]}}],"collection":[{"href":"https:\/\/fammediation.de\/index.php\/wp-json\/wp\/v2\/pages"}],"about":[{"href":"https:\/\/fammediation.de\/index.php\/wp-json\/wp\/v2\/types\/page"}],"author":[{"embeddable":true,"href":"https:\/\/fammediation.de\/index.php\/wp-json\/wp\/v2\/users\/1"}],"replies":[{"embeddable":true,"href":"https:\/\/fammediation.de\/index.php\/wp-json\/wp\/v2\/comments?post=28"}],"version-history":[{"count":31,"href":"https:\/\/fammediation.de\/index.php\/wp-json\/wp\/v2\/pages\/28\/revisions"}],"predecessor-version":[{"id":560,"href":"https:\/\/fammediation.de\/index.php\/wp-json\/wp\/v2\/pages\/28\/revisions\/560"}],"wp:attachment":[{"href":"https:\/\/fammediation.de\/index.php\/wp-json\/wp\/v2\/media?parent=28"}],"curies":[{"name":"wp","href":"https:\/\/api.w.org\/{rel}","templated":true}]}}