{"id":199,"date":"2024-11-19T13:54:43","date_gmt":"2024-11-19T12:54:43","guid":{"rendered":"http:\/\/wordpress.p679363.webspaceconfig.de\/?page_id=199"},"modified":"2025-01-24T10:57:44","modified_gmt":"2025-01-24T09:57:44","slug":"konfliktgebiete-2","status":"publish","type":"page","link":"https:\/\/fammediation.de\/index.php\/konfliktgebiete-2\/","title":{"rendered":"Konfliktgebiete"},"content":{"rendered":"\t\t<div data-elementor-type=\"wp-page\" data-elementor-id=\"199\" class=\"elementor elementor-199\" data-elementor-post-type=\"page\">\n\t\t\t\t\t\t<section class=\"elementor-section elementor-top-section elementor-element elementor-element-99c4187 elementor-section-boxed elementor-section-height-default elementor-section-height-default\" data-id=\"99c4187\" data-element_type=\"section\" data-settings=\"{&quot;background_background&quot;:&quot;classic&quot;}\">\n\t\t\t\t\t\t<div class=\"elementor-container elementor-column-gap-default\">\n\t\t\t\t\t<div class=\"elementor-column elementor-col-50 elementor-top-column elementor-element elementor-element-eb4f878\" data-id=\"eb4f878\" data-element_type=\"column\">\n\t\t\t<div class=\"elementor-widget-wrap elementor-element-populated\">\n\t\t\t\t\t\t<div class=\"elementor-element elementor-element-3130cdb elementor-widget elementor-widget-heading\" data-id=\"3130cdb\" data-element_type=\"widget\" data-widget_type=\"heading.default\">\n\t\t\t\t<div class=\"elementor-widget-container\">\n\t\t\t<h2 class=\"elementor-heading-title elementor-size-default\">Konfliktgebiete<\/h2>\t\t<\/div>\n\t\t\t\t<\/div>\n\t\t\t\t\t<\/div>\n\t\t<\/div>\n\t\t\t\t<div class=\"elementor-column elementor-col-50 elementor-top-column elementor-element elementor-element-39238c1\" data-id=\"39238c1\" data-element_type=\"column\">\n\t\t\t<div class=\"elementor-widget-wrap elementor-element-populated\">\n\t\t\t\t\t\t<div class=\"elementor-element elementor-element-280aba4 elementor-widget elementor-widget-text-editor\" data-id=\"280aba4\" data-element_type=\"widget\" data-widget_type=\"text-editor.default\">\n\t\t\t\t<div class=\"elementor-widget-container\">\n\t\t\t\t\t\t\t<p>Konflikte k\u00f6nnen in den unterschiedlichsten Bereichen auftreten \u2013 sei es im beruflichen Umfeld, in der Familie oder in anderen zwischenmenschlichen Beziehungen. Auf dieser Seite erfahren Sie, wie Mediation in verschiedenen Konfliktfeldern erfolgreich eingesetzt werden kann.<\/p>\t\t\t\t\t\t<\/div>\n\t\t\t\t<\/div>\n\t\t\t\t\t<\/div>\n\t\t<\/div>\n\t\t\t\t\t<\/div>\n\t\t<\/section>\n\t\t<div class=\"elementor-element elementor-element-7e89d18 e-con-full e-flex e-con e-parent\" data-id=\"7e89d18\" data-element_type=\"container\" data-settings=\"{&quot;background_background&quot;:&quot;classic&quot;}\">\n\t\t<div class=\"elementor-element elementor-element-6724ff8f e-con-full e-flex e-con e-child\" data-id=\"6724ff8f\" data-element_type=\"container\">\n\t\t\t\t<div class=\"elementor-element elementor-element-17fac0f6 elementor-widget elementor-widget-heading\" data-id=\"17fac0f6\" data-element_type=\"widget\" data-widget_type=\"heading.default\">\n\t\t\t\t<div class=\"elementor-widget-container\">\n\t\t\t<h2 class=\"elementor-heading-title elementor-size-default\">Familienmediation<\/h2>\t\t<\/div>\n\t\t\t\t<\/div>\n\t\t\t\t<div class=\"elementor-element elementor-element-1d4c7c2 elementor-widget elementor-widget-text-editor\" data-id=\"1d4c7c2\" data-element_type=\"widget\" data-widget_type=\"text-editor.default\">\n\t\t\t\t<div class=\"elementor-widget-container\">\n\t\t\t\t\t\t\t<p>Familienmediation bietet eine vertrauensvolle Plattform f\u00fcr Familienmitglieder, um ihre Konflikte offen und respektvoll zu besprechen. Dabei kann es sich um Probleme zwischen Partnern, Eltern und Kindern oder Geschwistern handeln.<\/p><p>Ziel der Familienmediation ist es, nachhaltige L\u00f6sungen zu finden, die den Bed\u00fcrfnissen aller Beteiligten gerecht werden und die famili\u00e4re Harmonie f\u00f6rdern.<\/p><p>Durch den Einsatz eines neutralen Mediators k\u00f6nnen emotionale Spannungen abgebaut und der Weg f\u00fcr ein besseres Miteinander geebnet werden.<\/p>\t\t\t\t\t\t<\/div>\n\t\t\t\t<\/div>\n\t\t\t\t<\/div>\n\t\t<div class=\"elementor-element elementor-element-3f722b88 e-con-full e-flex e-con e-child\" data-id=\"3f722b88\" data-element_type=\"container\">\n\t\t\t\t<div class=\"elementor-element elementor-element-165ca8a7 elementor-widget elementor-widget-image\" data-id=\"165ca8a7\" data-element_type=\"widget\" data-widget_type=\"image.default\">\n\t\t\t\t<div class=\"elementor-widget-container\">\n\t\t\t\t\t\t\t\t\t\t\t\t\t<img fetchpriority=\"high\" decoding=\"async\" width=\"1707\" height=\"2560\" src=\"https:\/\/fammediation.de\/wp-content\/uploads\/2025\/01\/Sirotek_VorGrauerWand-scaled.jpg\" class=\"attachment-full size-full wp-image-415\" alt=\"\" srcset=\"https:\/\/fammediation.de\/wp-content\/uploads\/2025\/01\/Sirotek_VorGrauerWand-scaled.jpg 1707w, https:\/\/fammediation.de\/wp-content\/uploads\/2025\/01\/Sirotek_VorGrauerWand-200x300.jpg 200w, https:\/\/fammediation.de\/wp-content\/uploads\/2025\/01\/Sirotek_VorGrauerWand-683x1024.jpg 683w, https:\/\/fammediation.de\/wp-content\/uploads\/2025\/01\/Sirotek_VorGrauerWand-768x1151.jpg 768w, https:\/\/fammediation.de\/wp-content\/uploads\/2025\/01\/Sirotek_VorGrauerWand-1024x1536.jpg 1024w, https:\/\/fammediation.de\/wp-content\/uploads\/2025\/01\/Sirotek_VorGrauerWand-1366x2048.jpg 1366w\" sizes=\"(max-width: 1707px) 100vw, 1707px\" \/>\t\t\t\t\t\t\t\t\t\t\t\t\t<\/div>\n\t\t\t\t<\/div>\n\t\t\t\t<\/div>\n\t\t\t\t<\/div>\n\t\t<div class=\"elementor-element elementor-element-6938dc06 e-con-full e-flex e-con e-parent\" data-id=\"6938dc06\" data-element_type=\"container\" data-settings=\"{&quot;background_background&quot;:&quot;classic&quot;}\">\n\t\t<div class=\"elementor-element elementor-element-9c9f252 e-con-full e-flex e-con e-child\" data-id=\"9c9f252\" data-element_type=\"container\">\n\t\t\t\t<div class=\"elementor-element elementor-element-6c69287c elementor-widget elementor-widget-heading\" data-id=\"6c69287c\" data-element_type=\"widget\" data-widget_type=\"heading.default\">\n\t\t\t\t<div class=\"elementor-widget-container\">\n\t\t\t<h2 class=\"elementor-heading-title elementor-size-default\">Elder- und Erbmediation<\/h2>\t\t<\/div>\n\t\t\t\t<\/div>\n\t\t\t\t<div class=\"elementor-element elementor-element-e49d89f elementor-widget elementor-widget-text-editor\" data-id=\"e49d89f\" data-element_type=\"widget\" data-widget_type=\"text-editor.default\">\n\t\t\t\t<div class=\"elementor-widget-container\">\n\t\t\t\t\t\t\t<p>Elder- und Erbmediation besch\u00e4ftigt sich mit den speziellen Konflikten, die im Zusammenhang mit dem \u00c4lterwerden und Erben auftreten k\u00f6nnen. Dies kann Auseinandersetzungen \u00fcber die Pflege von Eltern oder Gro\u00dfeltern, den Verbleib im eigenen Heim oder die gerechte Verteilung von Erbschaften betreffen.<\/p><p>In der Elder- und Erbmediation werden generations-\u00fcbergreifende Herausforderungen besprochen und L\u00f6sungen entwickelt, die die W\u00fcrde und W\u00fcnsche der \u00e4lteren Familienmitglieder respektieren, w\u00e4hrend gleichzeitig faire und transparente Vereinbarungen f\u00fcr alle Betroffenen gefunden werden.<\/p>\t\t\t\t\t\t<\/div>\n\t\t\t\t<\/div>\n\t\t\t\t<\/div>\n\t\t<div class=\"elementor-element elementor-element-c051af0 e-con-full e-flex e-con e-child\" data-id=\"c051af0\" data-element_type=\"container\">\n\t\t\t\t<div class=\"elementor-element elementor-element-2c1439a8 elementor-widget elementor-widget-image\" data-id=\"2c1439a8\" data-element_type=\"widget\" data-widget_type=\"image.default\">\n\t\t\t\t<div class=\"elementor-widget-container\">\n\t\t\t\t\t\t\t\t\t\t\t\t\t<img decoding=\"async\" src=\"https:\/\/fammediation.de\/wp-content\/uploads\/elementor\/thumbs\/Stock_MannRollstuhl-qxkpt8a3vdob29zznbdnqam9kd5950v8d4zvrsjf24.jpg\" title=\"Stock_MannRollstuhl\" alt=\"Nurse putting wheelchair with senior man  window. Unhappy senior man having geriatric or depression disease. Therapist taking care, giving support and empathy.\" loading=\"lazy\" \/>\t\t\t\t\t\t\t\t\t\t\t\t\t<\/div>\n\t\t\t\t<\/div>\n\t\t\t\t<\/div>\n\t\t\t\t<\/div>\n\t\t<div class=\"elementor-element elementor-element-20614087 e-con-full e-flex e-con e-parent\" data-id=\"20614087\" data-element_type=\"container\" data-settings=\"{&quot;background_background&quot;:&quot;classic&quot;}\">\n\t\t<div class=\"elementor-element elementor-element-71d6d17b e-con-full e-flex e-con e-child\" data-id=\"71d6d17b\" data-element_type=\"container\">\n\t\t\t\t<div class=\"elementor-element elementor-element-2bbc2e82 elementor-widget elementor-widget-heading\" data-id=\"2bbc2e82\" data-element_type=\"widget\" data-widget_type=\"heading.default\">\n\t\t\t\t<div class=\"elementor-widget-container\">\n\t\t\t<h2 class=\"elementor-heading-title elementor-size-default\">Mediation am Arbeitsplatz<\/h2>\t\t<\/div>\n\t\t\t\t<\/div>\n\t\t\t\t<div class=\"elementor-element elementor-element-55d8f8d4 elementor-widget elementor-widget-text-editor\" data-id=\"55d8f8d4\" data-element_type=\"widget\" data-widget_type=\"text-editor.default\">\n\t\t\t\t<div class=\"elementor-widget-container\">\n\t\t\t\t\t\t\t<p>Konflikte am Arbeitsplatz k\u00f6nnen die Produktivit\u00e4t und das Arbeitsklima erheblich beeintr\u00e4chtigen. Mediation am Arbeitsplatz zielt darauf ab, solche Spannungen zu l\u00f6sen, indem sie den Dialog zwischen den beteiligten Parteien f\u00f6rdert.<\/p><p>Themen wie Mobbing, unklare Hierarchien, Arbeitsbelastung oder Kommunikationsprobleme k\u00f6nnen hier gekl\u00e4rt werden. Durch die Unterst\u00fctzung von MediatorInnen wird ein konstruktives Gespr\u00e4ch erm\u00f6glicht, welches dazu beitr\u00e4gt, Missverst\u00e4ndnisse aus dem Weg zu r\u00e4umen und eine kooperative Arbeitsumgebung zu schaffen.<\/p>\t\t\t\t\t\t<\/div>\n\t\t\t\t<\/div>\n\t\t\t\t<\/div>\n\t\t<div class=\"elementor-element elementor-element-5e2361bb e-con-full e-flex e-con e-child\" data-id=\"5e2361bb\" data-element_type=\"container\">\n\t\t\t\t<div class=\"elementor-element elementor-element-6426df4d elementor-widget elementor-widget-image\" data-id=\"6426df4d\" data-element_type=\"widget\" data-widget_type=\"image.default\">\n\t\t\t\t<div class=\"elementor-widget-container\">\n\t\t\t\t\t\t\t\t\t\t\t\t\t<img decoding=\"async\" width=\"640\" height=\"427\" src=\"https:\/\/fammediation.de\/wp-content\/uploads\/2024\/10\/jason-goodman-Oalh2MojUuk-unsplash.jpg\" class=\"attachment-large size-large wp-image-45\" alt=\"\" srcset=\"https:\/\/fammediation.de\/wp-content\/uploads\/2024\/10\/jason-goodman-Oalh2MojUuk-unsplash.jpg 640w, https:\/\/fammediation.de\/wp-content\/uploads\/2024\/10\/jason-goodman-Oalh2MojUuk-unsplash-300x200.jpg 300w\" sizes=\"(max-width: 640px) 100vw, 640px\" \/>\t\t\t\t\t\t\t\t\t\t\t\t\t<\/div>\n\t\t\t\t<\/div>\n\t\t\t\t<\/div>\n\t\t\t\t<\/div>\n\t\t<div class=\"elementor-element elementor-element-6e0de913 e-con-full e-flex e-con e-parent\" data-id=\"6e0de913\" data-element_type=\"container\" data-settings=\"{&quot;background_background&quot;:&quot;classic&quot;}\">\n\t\t<div class=\"elementor-element elementor-element-72201ade e-con-full e-flex e-con e-child\" data-id=\"72201ade\" data-element_type=\"container\">\n\t\t\t\t<div class=\"elementor-element elementor-element-5a10f78f elementor-widget elementor-widget-heading\" data-id=\"5a10f78f\" data-element_type=\"widget\" data-widget_type=\"heading.default\">\n\t\t\t\t<div class=\"elementor-widget-container\">\n\t\t\t<h2 class=\"elementor-heading-title elementor-size-default\">Sozialmediation<\/h2>\t\t<\/div>\n\t\t\t\t<\/div>\n\t\t\t\t<div class=\"elementor-element elementor-element-407d490d elementor-widget elementor-widget-text-editor\" data-id=\"407d490d\" data-element_type=\"widget\" data-widget_type=\"text-editor.default\">\n\t\t\t\t<div class=\"elementor-widget-container\">\n\t\t\t\t\t\t\t<p>Sozialmediation findet in sozialen Kontexten statt, in denen Gemeinschaften oder Gruppen miteinander in Konflikt stehen. Dies kann unterschiedliche Bereiche wie Nachbarschaften, Vereine oder Bildungsinstitutionen betreffen.<\/p><p>Ziel der Sozialmediation ist es, das soziale Gef\u00fcge zu st\u00e4rken, indem sie darauf abzielt, Wege f\u00fcr ein friedliches Zusammenleben zu ebnen. Gemeinsame Interessen werden identifiziert, und L\u00f6sungen werden erarbeitet, die f\u00fcr alle Beteiligten akzeptabel und f\u00f6rderlich sind.<\/p>\t\t\t\t\t\t<\/div>\n\t\t\t\t<\/div>\n\t\t\t\t<\/div>\n\t\t<div class=\"elementor-element elementor-element-25df944d e-con-full e-flex e-con e-child\" data-id=\"25df944d\" data-element_type=\"container\">\n\t\t\t\t<div class=\"elementor-element elementor-element-2fbf5e5a elementor-widget elementor-widget-image\" data-id=\"2fbf5e5a\" data-element_type=\"widget\" data-widget_type=\"image.default\">\n\t\t\t\t<div class=\"elementor-widget-container\">\n\t\t\t\t\t\t\t\t\t\t\t\t\t<img decoding=\"async\" width=\"800\" height=\"534\" src=\"https:\/\/fammediation.de\/wp-content\/uploads\/2025\/01\/Sirotek_Whiteboard_Fragen-1024x683.jpg\" class=\"attachment-large size-large wp-image-416\" alt=\"\" srcset=\"https:\/\/fammediation.de\/wp-content\/uploads\/2025\/01\/Sirotek_Whiteboard_Fragen-1024x683.jpg 1024w, https:\/\/fammediation.de\/wp-content\/uploads\/2025\/01\/Sirotek_Whiteboard_Fragen-300x200.jpg 300w, https:\/\/fammediation.de\/wp-content\/uploads\/2025\/01\/Sirotek_Whiteboard_Fragen-768x512.jpg 768w, https:\/\/fammediation.de\/wp-content\/uploads\/2025\/01\/Sirotek_Whiteboard_Fragen-1536x1025.jpg 1536w, https:\/\/fammediation.de\/wp-content\/uploads\/2025\/01\/Sirotek_Whiteboard_Fragen-2048x1366.jpg 2048w\" sizes=\"(max-width: 800px) 100vw, 800px\" \/>\t\t\t\t\t\t\t\t\t\t\t\t\t<\/div>\n\t\t\t\t<\/div>\n\t\t\t\t<\/div>\n\t\t\t\t<\/div>\n\t\t<div class=\"elementor-element elementor-element-12a24cd0 e-con-full e-flex e-con e-parent\" data-id=\"12a24cd0\" data-element_type=\"container\" data-settings=\"{&quot;background_background&quot;:&quot;classic&quot;}\">\n\t\t<div class=\"elementor-element elementor-element-1f136217 e-con-full e-flex e-con e-child\" data-id=\"1f136217\" data-element_type=\"container\">\n\t\t\t\t<div class=\"elementor-element elementor-element-6578046c elementor-widget elementor-widget-heading\" data-id=\"6578046c\" data-element_type=\"widget\" data-widget_type=\"heading.default\">\n\t\t\t\t<div class=\"elementor-widget-container\">\n\t\t\t<h2 class=\"elementor-heading-title elementor-size-default\">Interkulturelle Mediation  <\/h2>\t\t<\/div>\n\t\t\t\t<\/div>\n\t\t\t\t<div class=\"elementor-element elementor-element-6e13a00d elementor-widget elementor-widget-text-editor\" data-id=\"6e13a00d\" data-element_type=\"widget\" data-widget_type=\"text-editor.default\">\n\t\t\t\t<div class=\"elementor-widget-container\">\n\t\t\t\t\t\t\t<p>Interkulturelle Mediation ist besonders wichtig in unserer globalisierten Welt, in der Menschen aus verschiedenen Kulturen immer h\u00e4ufiger miteinander interagieren. Missverst\u00e4ndnisse k\u00f6nnen leicht entstehen, wenn kulturelle Unterschiede nicht erkannt oder respektiert werden.<\/p><p>Diese Form der Mediation hilft dabei, kulturelle Barrieren zu \u00fcberwinden, indem sie einen Raum f\u00fcr Dialog und Verst\u00e4ndnis schafft. Ich als MediatorIn unterst\u00fctze die Parteien dabei, ihre unterschiedlichen Perspektiven wertzusch\u00e4tzen und gemeinsame L\u00f6sungen zu finden, die kulturelle Sensibilit\u00e4t und Respekt f\u00f6rdern.<\/p>\t\t\t\t\t\t<\/div>\n\t\t\t\t<\/div>\n\t\t\t\t<\/div>\n\t\t<div class=\"elementor-element elementor-element-295250a e-con-full e-flex e-con e-child\" data-id=\"295250a\" data-element_type=\"container\">\n\t\t\t\t<div class=\"elementor-element elementor-element-2ad8dba4 elementor-widget elementor-widget-image\" data-id=\"2ad8dba4\" data-element_type=\"widget\" data-widget_type=\"image.default\">\n\t\t\t\t<div class=\"elementor-widget-container\">\n\t\t\t\t\t\t\t\t\t\t\t\t\t<img loading=\"lazy\" decoding=\"async\" width=\"800\" height=\"533\" src=\"https:\/\/fammediation.de\/wp-content\/uploads\/2024\/10\/cdc-GDokEYnOfnE-unsplash-1024x682.jpg\" class=\"attachment-large size-large wp-image-48\" alt=\"\" srcset=\"https:\/\/fammediation.de\/wp-content\/uploads\/2024\/10\/cdc-GDokEYnOfnE-unsplash-1024x682.jpg 1024w, https:\/\/fammediation.de\/wp-content\/uploads\/2024\/10\/cdc-GDokEYnOfnE-unsplash-300x200.jpg 300w, https:\/\/fammediation.de\/wp-content\/uploads\/2024\/10\/cdc-GDokEYnOfnE-unsplash-768x511.jpg 768w, https:\/\/fammediation.de\/wp-content\/uploads\/2024\/10\/cdc-GDokEYnOfnE-unsplash-1536x1022.jpg 1536w, https:\/\/fammediation.de\/wp-content\/uploads\/2024\/10\/cdc-GDokEYnOfnE-unsplash.jpg 1920w\" sizes=\"(max-width: 800px) 100vw, 800px\" \/>\t\t\t\t\t\t\t\t\t\t\t\t\t<\/div>\n\t\t\t\t<\/div>\n\t\t\t\t<\/div>\n\t\t\t\t<\/div>\n\t\t\t\t<\/div>\n\t\t","protected":false},"excerpt":{"rendered":"<p>Konfliktgebiete Konflikte k\u00f6nnen in den unterschiedlichsten Bereichen auftreten \u2013 sei es im beruflichen Umfeld, in der Familie oder in anderen zwischenmenschlichen Beziehungen. Auf dieser Seite erfahren Sie, wie Mediation in verschiedenen Konfliktfeldern erfolgreich eingesetzt werden kann. Familienmediation Familienmediation bietet eine vertrauensvolle Plattform f\u00fcr Familienmitglieder, um ihre Konflikte offen und respektvoll zu besprechen. Dabei kann es [&hellip;]<\/p>\n","protected":false},"author":4,"featured_media":0,"parent":0,"menu_order":0,"comment_status":"closed","ping_status":"closed","template":"","meta":{"footnotes":""},"class_list":["post-199","page","type-page","status-publish","hentry"],"_links":{"self":[{"href":"https:\/\/fammediation.de\/index.php\/wp-json\/wp\/v2\/pages\/199","targetHints":{"allow":["GET"]}}],"collection":[{"href":"https:\/\/fammediation.de\/index.php\/wp-json\/wp\/v2\/pages"}],"about":[{"href":"https:\/\/fammediation.de\/index.php\/wp-json\/wp\/v2\/types\/page"}],"author":[{"embeddable":true,"href":"https:\/\/fammediation.de\/index.php\/wp-json\/wp\/v2\/users\/4"}],"replies":[{"embeddable":true,"href":"https:\/\/fammediation.de\/index.php\/wp-json\/wp\/v2\/comments?post=199"}],"version-history":[{"count":18,"href":"https:\/\/fammediation.de\/index.php\/wp-json\/wp\/v2\/pages\/199\/revisions"}],"predecessor-version":[{"id":466,"href":"https:\/\/fammediation.de\/index.php\/wp-json\/wp\/v2\/pages\/199\/revisions\/466"}],"wp:attachment":[{"href":"https:\/\/fammediation.de\/index.php\/wp-json\/wp\/v2\/media?parent=199"}],"curies":[{"name":"wp","href":"https:\/\/api.w.org\/{rel}","templated":true}]}}