{"id":174,"date":"2024-11-19T11:06:21","date_gmt":"2024-11-19T10:06:21","guid":{"rendered":"http:\/\/wordpress.p679363.webspaceconfig.de\/?page_id=174"},"modified":"2025-01-24T11:09:10","modified_gmt":"2025-01-24T10:09:10","slug":"co-mediation","status":"publish","type":"page","link":"https:\/\/fammediation.de\/index.php\/co-mediation\/","title":{"rendered":"Co-Mediation"},"content":{"rendered":"\t\t<div data-elementor-type=\"wp-page\" data-elementor-id=\"174\" class=\"elementor elementor-174\" data-elementor-post-type=\"page\">\n\t\t\t\t\t\t<section class=\"elementor-section elementor-top-section elementor-element elementor-element-99c4187 elementor-section-boxed elementor-section-height-default elementor-section-height-default\" data-id=\"99c4187\" data-element_type=\"section\" data-settings=\"{&quot;background_background&quot;:&quot;classic&quot;}\">\n\t\t\t\t\t\t<div class=\"elementor-container elementor-column-gap-default\">\n\t\t\t\t\t<div class=\"elementor-column elementor-col-50 elementor-top-column elementor-element elementor-element-eb4f878\" data-id=\"eb4f878\" data-element_type=\"column\">\n\t\t\t<div class=\"elementor-widget-wrap elementor-element-populated\">\n\t\t\t\t\t\t<div class=\"elementor-element elementor-element-3130cdb elementor-widget elementor-widget-heading\" data-id=\"3130cdb\" data-element_type=\"widget\" data-widget_type=\"heading.default\">\n\t\t\t\t<div class=\"elementor-widget-container\">\n\t\t\t<h2 class=\"elementor-heading-title elementor-size-default\">Co-Mediation<\/h2>\t\t<\/div>\n\t\t\t\t<\/div>\n\t\t\t\t\t<\/div>\n\t\t<\/div>\n\t\t\t\t<div class=\"elementor-column elementor-col-50 elementor-top-column elementor-element elementor-element-39238c1\" data-id=\"39238c1\" data-element_type=\"column\">\n\t\t\t<div class=\"elementor-widget-wrap elementor-element-populated\">\n\t\t\t\t\t\t<div class=\"elementor-element elementor-element-280aba4 elementor-widget elementor-widget-text-editor\" data-id=\"280aba4\" data-element_type=\"widget\" data-widget_type=\"text-editor.default\">\n\t\t\t\t<div class=\"elementor-widget-container\">\n\t\t\t\t\t\t\t<p>Die Co-Mediation bietet eine besondere St\u00e4rke: Zwei MediatorInnen bringen unterschiedliche Perspektiven und Kompetenzen in den Prozess ein. Dieser doppelte Blickwinkel sorgt daf\u00fcr, dass Details und Dynamiken noch differenzierter erfasst werden. Gemeinsam schaffen wir eine umfassendere Sicht auf die Situation und k\u00f6nnen Ihre Bed\u00fcrfnisse und Interessen noch pr\u00e4ziser ber\u00fccksichtigen.<\/p>\t\t\t\t\t\t<\/div>\n\t\t\t\t<\/div>\n\t\t\t\t\t<\/div>\n\t\t<\/div>\n\t\t\t\t\t<\/div>\n\t\t<\/section>\n\t\t<div class=\"elementor-element elementor-element-7e89d18 e-con-full e-flex e-con e-parent\" data-id=\"7e89d18\" data-element_type=\"container\" data-settings=\"{&quot;background_background&quot;:&quot;classic&quot;}\">\n\t\t<div class=\"elementor-element elementor-element-6724ff8f e-con-full e-flex e-con e-child\" data-id=\"6724ff8f\" data-element_type=\"container\">\n\t\t\t\t<div class=\"elementor-element elementor-element-17fac0f6 elementor-widget elementor-widget-heading\" data-id=\"17fac0f6\" data-element_type=\"widget\" data-widget_type=\"heading.default\">\n\t\t\t\t<div class=\"elementor-widget-container\">\n\t\t\t<h2 class=\"elementor-heading-title elementor-size-default\">Anwendungsgebiete<\/h2>\t\t<\/div>\n\t\t\t\t<\/div>\n\t\t\t\t<div class=\"elementor-element elementor-element-1d4c7c2 elementor-widget elementor-widget-text-editor\" data-id=\"1d4c7c2\" data-element_type=\"widget\" data-widget_type=\"text-editor.default\">\n\t\t\t\t<div class=\"elementor-widget-container\">\n\t\t\t\t\t\t\t<div class=\"flex max-w-full flex-col flex-grow\"><div class=\"min-h-8 text-message flex w-full flex-col items-end gap-2 whitespace-normal break-words text-start [.text-message+&amp;]:mt-5\" dir=\"auto\" data-message-author-role=\"assistant\" data-message-id=\"b1bf75f6-1673-4126-84f5-1fc3fae5a16f\" data-message-model-slug=\"gpt-4o\"><div class=\"flex w-full flex-col gap-1 empty:hidden first:pt-[3px]\"><div class=\"markdown prose w-full break-words dark:prose-invert light\"><p>Co-Mediation eignet sich besonders f\u00fcr Konfliktsituationen, bei denen verschiedene Perspektiven und Interessen ber\u00fccksichtigt werden m\u00fcssen. Sie findet unter anderem in folgenden Bereichen Anwendung:<\/p><ul><li><strong>Familienkonflikte:<\/strong> Bei Trennung, Scheidung oder Erbschaftsstreitigkeiten sorgt die Co-Mediation f\u00fcr eine ausgewogene Ber\u00fccksichtigung aller Beteiligten, einschlie\u00dflich der Bed\u00fcrfnisse von Kindern.<\/li><li><strong>Unternehmenskonflikte:<\/strong> In F\u00e4llen von Team-streitigkeiten, F\u00fchrungswechseln oder Unternehmens-nachfolgen hilft die Co-Mediation, vielschichtige Dynamiken zu erkennen und konstruktiv zu l\u00f6sen.<\/li><li><strong>Interkulturelle Konflikte:<\/strong> Dank der Zusammenarbeit von MediatorInnen mit unterschiedlichen Hintergr\u00fcnden k\u00f6nnen kulturelle Unterschiede sensibel und effektiv adressiert werden.<\/li><li><strong>Gemeinschafts- und Nachbarschaftsstreitigkeiten:<\/strong> Co-Mediation unterst\u00fctzt bei der Moderation vielstimmiger Interessen, um eine harmonische L\u00f6sung f\u00fcr alle Parteien zu finden.<\/li><\/ul><p>\u00a0<\/p><p>Durch die Kombination von Kompetenzen und Perspektiven erm\u00f6glicht die Co-Mediation in diesen und anderen Bereichen besonders tiefgreifende und tragf\u00e4hige L\u00f6sungen.<\/p><\/div><\/div><\/div><\/div>\t\t\t\t\t\t<\/div>\n\t\t\t\t<\/div>\n\t\t\t\t<\/div>\n\t\t<div class=\"elementor-element elementor-element-3f722b88 e-con-full e-flex e-con e-child\" data-id=\"3f722b88\" data-element_type=\"container\">\n\t\t\t\t<div class=\"elementor-element elementor-element-165ca8a7 elementor-widget elementor-widget-image\" data-id=\"165ca8a7\" data-element_type=\"widget\" data-widget_type=\"image.default\">\n\t\t\t\t<div class=\"elementor-widget-container\">\n\t\t\t\t\t\t\t\t\t\t\t\t\t<img fetchpriority=\"high\" decoding=\"async\" width=\"2560\" height=\"1707\" src=\"https:\/\/fammediation.de\/wp-content\/uploads\/2025\/01\/Sirotek_Portrait-scaled.jpg\" class=\"attachment-full size-full wp-image-412\" alt=\"\" srcset=\"https:\/\/fammediation.de\/wp-content\/uploads\/2025\/01\/Sirotek_Portrait-scaled.jpg 2560w, https:\/\/fammediation.de\/wp-content\/uploads\/2025\/01\/Sirotek_Portrait-300x200.jpg 300w, https:\/\/fammediation.de\/wp-content\/uploads\/2025\/01\/Sirotek_Portrait-1024x683.jpg 1024w, https:\/\/fammediation.de\/wp-content\/uploads\/2025\/01\/Sirotek_Portrait-768x512.jpg 768w, https:\/\/fammediation.de\/wp-content\/uploads\/2025\/01\/Sirotek_Portrait-1536x1024.jpg 1536w, https:\/\/fammediation.de\/wp-content\/uploads\/2025\/01\/Sirotek_Portrait-2048x1366.jpg 2048w\" sizes=\"(max-width: 2560px) 100vw, 2560px\" \/>\t\t\t\t\t\t\t\t\t\t\t\t\t<\/div>\n\t\t\t\t<\/div>\n\t\t\t\t<\/div>\n\t\t\t\t<\/div>\n\t\t<div class=\"elementor-element elementor-element-6938dc06 e-con-full e-flex e-con e-parent\" data-id=\"6938dc06\" data-element_type=\"container\" data-settings=\"{&quot;background_background&quot;:&quot;classic&quot;}\">\n\t\t<div class=\"elementor-element elementor-element-9c9f252 e-con-full e-flex e-con e-child\" data-id=\"9c9f252\" data-element_type=\"container\">\n\t\t\t\t<div class=\"elementor-element elementor-element-6c69287c elementor-widget elementor-widget-heading\" data-id=\"6c69287c\" data-element_type=\"widget\" data-widget_type=\"heading.default\">\n\t\t\t\t<div class=\"elementor-widget-container\">\n\t\t\t<h2 class=\"elementor-heading-title elementor-size-default\">Zielsetzung<\/h2>\t\t<\/div>\n\t\t\t\t<\/div>\n\t\t\t\t<div class=\"elementor-element elementor-element-e49d89f elementor-widget elementor-widget-text-editor\" data-id=\"e49d89f\" data-element_type=\"widget\" data-widget_type=\"text-editor.default\">\n\t\t\t\t<div class=\"elementor-widget-container\">\n\t\t\t\t\t\t\t<p>Die Co-Mediation schafft einen Rahmen, in dem Konflikte umfassend und nachhaltig bearbeitet werden k\u00f6nnen. Sie nutzt die St\u00e4rken zweier MediatorInnen, um die individuellen Bed\u00fcrfnisse und Interessen aller Beteiligten pr\u00e4zise zu erfassen und zu ber\u00fccksichtigen.<\/p><p>Zentrale Ziele der Co-Mediation sind:<\/p><ul><li><strong>F\u00f6rderung von Verst\u00e4ndigung:<\/strong> Durch unterschiedliche Perspektiven wird ein tieferes Verst\u00e4ndnis der Konfliktsituation und der zugrunde liegenden Dynamiken erm\u00f6glicht.<\/li><li><strong>St\u00e4rkung von Fairness:<\/strong> Co-Mediation schafft eine Atmosph\u00e4re, in der alle Beteiligten gleichberechtigt geh\u00f6rt und respektiert werden.<\/li><li><strong>Entwicklung tragf\u00e4higer L\u00f6sungen:<\/strong> Mit vereinten Kompetenzen werden kreative und zukunftsorientierte L\u00f6sungswege entwickelt, die f\u00fcr alle Beteiligten umsetzbar und zufriedenstellend sind.<\/li><\/ul><p>\u00a0<\/p><p>Die Zielsetzung der Co-Mediation geht \u00fcber die reine Konfliktl\u00f6sung hinaus \u2013 sie legt die Grundlage f\u00fcr ein respektvolles Miteinander und eine nachhaltige Konfliktpr\u00e4vention. Negative Energien werden freigesetzt und k\u00f6nnen wieder f\u00fcr positives genutzt werden.<\/p>\t\t\t\t\t\t<\/div>\n\t\t\t\t<\/div>\n\t\t\t\t<\/div>\n\t\t<div class=\"elementor-element elementor-element-c051af0 e-con-full e-flex e-con e-child\" data-id=\"c051af0\" data-element_type=\"container\">\n\t\t\t\t<div class=\"elementor-element elementor-element-2c1439a8 elementor-widget elementor-widget-image\" data-id=\"2c1439a8\" data-element_type=\"widget\" data-widget_type=\"image.default\">\n\t\t\t\t<div class=\"elementor-widget-container\">\n\t\t\t\t\t\t\t\t\t\t\t\t\t<img decoding=\"async\" src=\"https:\/\/fammediation.de\/wp-content\/uploads\/elementor\/thumbs\/Sirotek_Visitenkarten-scaled-qzzvid379zh471glbnpg7yenwlt8s8uvv1hdklvdh8.jpg\" title=\"Sirotek_Visitenkarten\" alt=\"Sirotek_Visitenkarten\" loading=\"lazy\" \/>\t\t\t\t\t\t\t\t\t\t\t\t\t<\/div>\n\t\t\t\t<\/div>\n\t\t\t\t<\/div>\n\t\t\t\t<\/div>\n\t\t\t\t<\/div>\n\t\t","protected":false},"excerpt":{"rendered":"<p>Co-Mediation Die Co-Mediation bietet eine besondere St\u00e4rke: Zwei MediatorInnen bringen unterschiedliche Perspektiven und Kompetenzen in den Prozess ein. Dieser doppelte Blickwinkel sorgt daf\u00fcr, dass Details und Dynamiken noch differenzierter erfasst werden. Gemeinsam schaffen wir eine umfassendere Sicht auf die Situation und k\u00f6nnen Ihre Bed\u00fcrfnisse und Interessen noch pr\u00e4ziser ber\u00fccksichtigen. Anwendungsgebiete Co-Mediation eignet sich besonders f\u00fcr [&hellip;]<\/p>\n","protected":false},"author":4,"featured_media":0,"parent":0,"menu_order":0,"comment_status":"closed","ping_status":"closed","template":"","meta":{"footnotes":""},"class_list":["post-174","page","type-page","status-publish","hentry"],"_links":{"self":[{"href":"https:\/\/fammediation.de\/index.php\/wp-json\/wp\/v2\/pages\/174","targetHints":{"allow":["GET"]}}],"collection":[{"href":"https:\/\/fammediation.de\/index.php\/wp-json\/wp\/v2\/pages"}],"about":[{"href":"https:\/\/fammediation.de\/index.php\/wp-json\/wp\/v2\/types\/page"}],"author":[{"embeddable":true,"href":"https:\/\/fammediation.de\/index.php\/wp-json\/wp\/v2\/users\/4"}],"replies":[{"embeddable":true,"href":"https:\/\/fammediation.de\/index.php\/wp-json\/wp\/v2\/comments?post=174"}],"version-history":[{"count":21,"href":"https:\/\/fammediation.de\/index.php\/wp-json\/wp\/v2\/pages\/174\/revisions"}],"predecessor-version":[{"id":472,"href":"https:\/\/fammediation.de\/index.php\/wp-json\/wp\/v2\/pages\/174\/revisions\/472"}],"wp:attachment":[{"href":"https:\/\/fammediation.de\/index.php\/wp-json\/wp\/v2\/media?parent=174"}],"curies":[{"name":"wp","href":"https:\/\/api.w.org\/{rel}","templated":true}]}}