{"id":168,"date":"2024-11-14T11:10:06","date_gmt":"2024-11-14T10:10:06","guid":{"rendered":"http:\/\/wordpress.p679363.webspaceconfig.de\/?page_id=168"},"modified":"2025-01-15T10:28:50","modified_gmt":"2025-01-15T09:28:50","slug":"sozialmediation","status":"publish","type":"page","link":"https:\/\/fammediation.de\/index.php\/sozialmediation\/","title":{"rendered":"Sozialmediation"},"content":{"rendered":"\t\t<div data-elementor-type=\"wp-page\" data-elementor-id=\"168\" class=\"elementor elementor-168\" data-elementor-post-type=\"page\">\n\t\t\t\t\t\t<section class=\"elementor-section elementor-top-section elementor-element elementor-element-99c4187 elementor-section-boxed elementor-section-height-default elementor-section-height-default\" data-id=\"99c4187\" data-element_type=\"section\" data-settings=\"{&quot;background_background&quot;:&quot;classic&quot;}\">\n\t\t\t\t\t\t<div class=\"elementor-container elementor-column-gap-default\">\n\t\t\t\t\t<div class=\"elementor-column elementor-col-50 elementor-top-column elementor-element elementor-element-eb4f878\" data-id=\"eb4f878\" data-element_type=\"column\">\n\t\t\t<div class=\"elementor-widget-wrap elementor-element-populated\">\n\t\t\t\t\t\t<div class=\"elementor-element elementor-element-3130cdb elementor-widget elementor-widget-heading\" data-id=\"3130cdb\" data-element_type=\"widget\" data-widget_type=\"heading.default\">\n\t\t\t\t<div class=\"elementor-widget-container\">\n\t\t\t<h2 class=\"elementor-heading-title elementor-size-default\">Sozialmediation<\/h2>\t\t<\/div>\n\t\t\t\t<\/div>\n\t\t\t\t\t<\/div>\n\t\t<\/div>\n\t\t\t\t<div class=\"elementor-column elementor-col-50 elementor-top-column elementor-element elementor-element-39238c1\" data-id=\"39238c1\" data-element_type=\"column\">\n\t\t\t<div class=\"elementor-widget-wrap elementor-element-populated\">\n\t\t\t\t\t\t<div class=\"elementor-element elementor-element-280aba4 elementor-widget elementor-widget-text-editor\" data-id=\"280aba4\" data-element_type=\"widget\" data-widget_type=\"text-editor.default\">\n\t\t\t\t<div class=\"elementor-widget-container\">\n\t\t\t\t\t\t\t<p>Sozialmediation spielt eine wichtige Rolle in der Konfliktl\u00f6sung f\u00fcr ein harmonisches und respektvolles Miteinander. Konflikte k\u00f6nnen das Zusammenleben erschweren, doch durch Mediation werden Wege aufgezeigt, um nahe liegende Ziele zu erreichen und zu einer befriedenden L\u00f6sung zu gelangen. Mit einem neuen Blickwinkel k\u00f6nnen bestehende Spannungen \u00fcberwunden und das gesamte soziale Umfeld in ein positiveres Gleichgewicht gebracht werden.<\/p>\t\t\t\t\t\t<\/div>\n\t\t\t\t<\/div>\n\t\t\t\t\t<\/div>\n\t\t<\/div>\n\t\t\t\t\t<\/div>\n\t\t<\/section>\n\t\t<div class=\"elementor-element elementor-element-7e89d18 e-con-full e-flex e-con e-parent\" data-id=\"7e89d18\" data-element_type=\"container\" data-settings=\"{&quot;background_background&quot;:&quot;classic&quot;}\">\n\t\t<div class=\"elementor-element elementor-element-6724ff8f e-con-full e-flex e-con e-child\" data-id=\"6724ff8f\" data-element_type=\"container\">\n\t\t\t\t<div class=\"elementor-element elementor-element-17fac0f6 elementor-widget elementor-widget-heading\" data-id=\"17fac0f6\" data-element_type=\"widget\" data-widget_type=\"heading.default\">\n\t\t\t\t<div class=\"elementor-widget-container\">\n\t\t\t<h2 class=\"elementor-heading-title elementor-size-default\">Herausforderungen in sozialen Interaktionen<\/h2>\t\t<\/div>\n\t\t\t\t<\/div>\n\t\t\t\t<div class=\"elementor-element elementor-element-1d4c7c2 elementor-widget elementor-widget-text-editor\" data-id=\"1d4c7c2\" data-element_type=\"widget\" data-widget_type=\"text-editor.default\">\n\t\t\t\t<div class=\"elementor-widget-container\">\n\t\t\t\t\t\t\t<p>In sozialen Interaktionen werden wir oft von Herausforderungen und Spannungen konfrontiert, die ein friedliches Miteinander erschweren. Konflikte in Nachbarschaften, Eigent\u00fcmergemeinschaften, Vereinen und Lehrerkollegien\/Elternschaften k\u00f6nnen das soziale Gef\u00fcge belasten und das harmonische Zusammenleben beeintr\u00e4chtigen. Durch die gezielte Anwendung von Sozialmediation k\u00f6nnen jedoch diese Hindernisse \u00fcberwunden werden.<\/p><p>Die Mediation bietet einen strukturierten Ansatz, um konstruktive L\u00f6sungen zu finden, die nicht nur die unmittelbaren Probleme angehen, sondern auch zu einem dauerhaften Frieden und einer ausgewogenen Interaktion in sozialen Umgebungen f\u00fchren.<\/p>\t\t\t\t\t\t<\/div>\n\t\t\t\t<\/div>\n\t\t\t\t<\/div>\n\t\t<div class=\"elementor-element elementor-element-3f722b88 e-con-full e-flex e-con e-child\" data-id=\"3f722b88\" data-element_type=\"container\">\n\t\t\t\t<div class=\"elementor-element elementor-element-165ca8a7 elementor-widget elementor-widget-image\" data-id=\"165ca8a7\" data-element_type=\"widget\" data-widget_type=\"image.default\">\n\t\t\t\t<div class=\"elementor-widget-container\">\n\t\t\t\t\t\t\t\t\t\t\t\t\t<img fetchpriority=\"high\" decoding=\"async\" width=\"2560\" height=\"1708\" src=\"https:\/\/fammediation.de\/wp-content\/uploads\/2025\/01\/Sirotek_AmSchreibtisch2-scaled.jpg\" class=\"attachment-full size-full wp-image-408\" alt=\"\" srcset=\"https:\/\/fammediation.de\/wp-content\/uploads\/2025\/01\/Sirotek_AmSchreibtisch2-scaled.jpg 2560w, https:\/\/fammediation.de\/wp-content\/uploads\/2025\/01\/Sirotek_AmSchreibtisch2-300x200.jpg 300w, https:\/\/fammediation.de\/wp-content\/uploads\/2025\/01\/Sirotek_AmSchreibtisch2-1024x683.jpg 1024w, https:\/\/fammediation.de\/wp-content\/uploads\/2025\/01\/Sirotek_AmSchreibtisch2-768x512.jpg 768w, https:\/\/fammediation.de\/wp-content\/uploads\/2025\/01\/Sirotek_AmSchreibtisch2-1536x1025.jpg 1536w, https:\/\/fammediation.de\/wp-content\/uploads\/2025\/01\/Sirotek_AmSchreibtisch2-2048x1366.jpg 2048w\" sizes=\"(max-width: 2560px) 100vw, 2560px\" \/>\t\t\t\t\t\t\t\t\t\t\t\t\t<\/div>\n\t\t\t\t<\/div>\n\t\t\t\t<\/div>\n\t\t\t\t<\/div>\n\t\t<div class=\"elementor-element elementor-element-6938dc06 e-con-full e-flex e-con e-parent\" data-id=\"6938dc06\" data-element_type=\"container\" data-settings=\"{&quot;background_background&quot;:&quot;classic&quot;}\">\n\t\t<div class=\"elementor-element elementor-element-9c9f252 e-con-full e-flex e-con e-child\" data-id=\"9c9f252\" data-element_type=\"container\">\n\t\t\t\t<div class=\"elementor-element elementor-element-6c69287c elementor-widget elementor-widget-heading\" data-id=\"6c69287c\" data-element_type=\"widget\" data-widget_type=\"heading.default\">\n\t\t\t\t<div class=\"elementor-widget-container\">\n\t\t\t<h2 class=\"elementor-heading-title elementor-size-default\">L\u00f6sungsans\u00e4tze<\/h2>\t\t<\/div>\n\t\t\t\t<\/div>\n\t\t\t\t<div class=\"elementor-element elementor-element-e49d89f elementor-widget elementor-widget-text-editor\" data-id=\"e49d89f\" data-element_type=\"widget\" data-widget_type=\"text-editor.default\">\n\t\t\t\t<div class=\"elementor-widget-container\">\n\t\t\t\t\t\t\t<p>Sozialmediation ist ein ma\u00dfgeschneiderter und zielgerichteter Ansatz zur Bew\u00e4ltigung von Konflikten in sozialen Kontexten. Mit einem strukturierten und einf\u00fchlsamen Einsatz von Mediation werden nicht nur Spannungen abgebaut, sondern auch die Interessen aller Beteiligten klar und transparent kommuniziert.<\/p><p>Das Ziel ist es, nachhaltige und ressourcenorientierte L\u00f6sungen zu finden, die nicht nur die unmittelbaren Konflikte l\u00f6sen, sondern auch langfristig zu einem harmonischen und kooperativen Miteinander beitragen und die sozialen Beziehungen nachhaltig st\u00e4rken.<\/p>\t\t\t\t\t\t<\/div>\n\t\t\t\t<\/div>\n\t\t\t\t<\/div>\n\t\t<div class=\"elementor-element elementor-element-c051af0 e-con-full e-flex e-con e-child\" data-id=\"c051af0\" data-element_type=\"container\">\n\t\t\t\t<div class=\"elementor-element elementor-element-2c1439a8 elementor-widget elementor-widget-image\" data-id=\"2c1439a8\" data-element_type=\"widget\" data-widget_type=\"image.default\">\n\t\t\t\t<div class=\"elementor-widget-container\">\n\t\t\t\t\t\t\t\t\t\t\t\t\t<img decoding=\"async\" width=\"1920\" height=\"1280\" src=\"https:\/\/fammediation.de\/wp-content\/uploads\/2024\/11\/jason-goodman-bzqU01v-G54-unsplash.jpg\" class=\"attachment-full size-full wp-image-254\" alt=\"\" srcset=\"https:\/\/fammediation.de\/wp-content\/uploads\/2024\/11\/jason-goodman-bzqU01v-G54-unsplash.jpg 1920w, https:\/\/fammediation.de\/wp-content\/uploads\/2024\/11\/jason-goodman-bzqU01v-G54-unsplash-300x200.jpg 300w, https:\/\/fammediation.de\/wp-content\/uploads\/2024\/11\/jason-goodman-bzqU01v-G54-unsplash-1024x683.jpg 1024w, https:\/\/fammediation.de\/wp-content\/uploads\/2024\/11\/jason-goodman-bzqU01v-G54-unsplash-768x512.jpg 768w, https:\/\/fammediation.de\/wp-content\/uploads\/2024\/11\/jason-goodman-bzqU01v-G54-unsplash-1536x1024.jpg 1536w\" sizes=\"(max-width: 1920px) 100vw, 1920px\" \/>\t\t\t\t\t\t\t\t\t\t\t\t\t<\/div>\n\t\t\t\t<\/div>\n\t\t\t\t<\/div>\n\t\t\t\t<\/div>\n\t\t<div class=\"elementor-element elementor-element-20614087 e-con-full e-flex e-con e-parent\" data-id=\"20614087\" data-element_type=\"container\" data-settings=\"{&quot;background_background&quot;:&quot;classic&quot;}\">\n\t\t<div class=\"elementor-element elementor-element-71d6d17b e-con-full e-flex e-con e-child\" data-id=\"71d6d17b\" data-element_type=\"container\">\n\t\t\t\t<div class=\"elementor-element elementor-element-2bbc2e82 elementor-widget elementor-widget-heading\" data-id=\"2bbc2e82\" data-element_type=\"widget\" data-widget_type=\"heading.default\">\n\t\t\t\t<div class=\"elementor-widget-container\">\n\t\t\t<h2 class=\"elementor-heading-title elementor-size-default\">Anwendungsbereiche<\/h2>\t\t<\/div>\n\t\t\t\t<\/div>\n\t\t\t\t<div class=\"elementor-element elementor-element-55d8f8d4 elementor-widget elementor-widget-text-editor\" data-id=\"55d8f8d4\" data-element_type=\"widget\" data-widget_type=\"text-editor.default\">\n\t\t\t\t<div class=\"elementor-widget-container\">\n\t\t\t\t\t\t\t<p>Sozialmediation wird in verschiedenen sozialen Umgebungen und Kontexten erfolgreich eingesetzt. Die Anwendungsbereiche von Sozialmediation sind vielf\u00e4ltig und umfassen Situationen in Nachbarschaften, Eigent\u00fcmergemeinschaften, Vereinen, Lehrerkollegien und Elternschaften und mehr. In diesen Bereichen haben Spannungen und Konflikte oft negative Auswirkungen auf das zwischenmenschliche Miteinander und k\u00f6nnen das soziale Gef\u00fcge belasten.<\/p><p>Durch die gezielte Anwendung von Sozialmediation werden diese Konflikte angegangen und in gemeinsame, l\u00f6sungsorientierte Prozesse \u00fcberf\u00fchrt. Die Mediation schafft eine Plattform, auf der die Beteiligten ihre Interessen offen kommunizieren k\u00f6nnen, um gemeinsam tragf\u00e4hige und nachhaltige L\u00f6sungen zu entwickeln und so harmonische Beziehungen in den genannten Bereichen zu f\u00f6rdern.<\/p>\t\t\t\t\t\t<\/div>\n\t\t\t\t<\/div>\n\t\t\t\t<\/div>\n\t\t<div class=\"elementor-element elementor-element-5e2361bb e-con-full e-flex e-con e-child\" data-id=\"5e2361bb\" data-element_type=\"container\">\n\t\t\t\t<div class=\"elementor-element elementor-element-6426df4d elementor-widget elementor-widget-image\" data-id=\"6426df4d\" data-element_type=\"widget\" data-widget_type=\"image.default\">\n\t\t\t\t<div class=\"elementor-widget-container\">\n\t\t\t\t\t\t\t\t\t\t\t\t\t<img decoding=\"async\" width=\"800\" height=\"534\" src=\"https:\/\/fammediation.de\/wp-content\/uploads\/2025\/01\/Sirotek_Visitenkarten-1024x683.jpg\" class=\"attachment-large size-large wp-image-414\" alt=\"\" srcset=\"https:\/\/fammediation.de\/wp-content\/uploads\/2025\/01\/Sirotek_Visitenkarten-1024x683.jpg 1024w, https:\/\/fammediation.de\/wp-content\/uploads\/2025\/01\/Sirotek_Visitenkarten-300x200.jpg 300w, https:\/\/fammediation.de\/wp-content\/uploads\/2025\/01\/Sirotek_Visitenkarten-768x512.jpg 768w, https:\/\/fammediation.de\/wp-content\/uploads\/2025\/01\/Sirotek_Visitenkarten-1536x1024.jpg 1536w, https:\/\/fammediation.de\/wp-content\/uploads\/2025\/01\/Sirotek_Visitenkarten-2048x1366.jpg 2048w\" sizes=\"(max-width: 800px) 100vw, 800px\" \/>\t\t\t\t\t\t\t\t\t\t\t\t\t<\/div>\n\t\t\t\t<\/div>\n\t\t\t\t<\/div>\n\t\t\t\t<\/div>\n\t\t<div class=\"elementor-element elementor-element-6e0de913 e-con-full e-flex e-con e-parent\" data-id=\"6e0de913\" data-element_type=\"container\" data-settings=\"{&quot;background_background&quot;:&quot;classic&quot;}\">\n\t\t<div class=\"elementor-element elementor-element-72201ade e-con-full e-flex e-con e-child\" data-id=\"72201ade\" data-element_type=\"container\">\n\t\t\t\t<div class=\"elementor-element elementor-element-5a10f78f elementor-widget elementor-widget-heading\" data-id=\"5a10f78f\" data-element_type=\"widget\" data-widget_type=\"heading.default\">\n\t\t\t\t<div class=\"elementor-widget-container\">\n\t\t\t<h2 class=\"elementor-heading-title elementor-size-default\">Blickwinkelwechsel und L\u00f6sungsorientierung<\/h2>\t\t<\/div>\n\t\t\t\t<\/div>\n\t\t\t\t<div class=\"elementor-element elementor-element-407d490d elementor-widget elementor-widget-text-editor\" data-id=\"407d490d\" data-element_type=\"widget\" data-widget_type=\"text-editor.default\">\n\t\t\t\t<div class=\"elementor-widget-container\">\n\t\t\t\t\t\t\t<p>In den Prozessen der Sozialmediation spielt der Blickwinkelwechsel und eine l\u00f6sungsorientierte Herangehensweise eine entscheidende Rolle. Oftmals sind Konflikte das Ergebnis unterschiedlicher Perspektiven und Kommunikationsprobleme, die zu Missverst\u00e4ndnissen und Spannungen f\u00fchren. Durch einen bewussten Wandel des Blickwinkels k\u00f6nnen Blockaden aufgel\u00f6st und neue Wege f\u00fcr eine harmonische Konfliktl\u00f6sung er\u00f6ffnet werden.<\/p><p>Ein offener Austausch, bei dem die Beteiligten ihre Sichtweisen reflektieren und alternative L\u00f6sungsans\u00e4tze entwickeln, f\u00f6rdert Verst\u00e4ndnis, Vertrauen und Kooperation. Sozialmediation bietet den Raum f\u00fcr diesen Perspektivenwechsel und unterst\u00fctzt die Beteiligten dabei, konstruktive L\u00f6sungen zu erarbeiten, die das soziale Miteinander nachhaltig st\u00e4rken.<\/p>\t\t\t\t\t\t<\/div>\n\t\t\t\t<\/div>\n\t\t\t\t<\/div>\n\t\t<div class=\"elementor-element elementor-element-25df944d e-con-full e-flex e-con e-child\" data-id=\"25df944d\" data-element_type=\"container\">\n\t\t\t\t<div class=\"elementor-element elementor-element-2fbf5e5a elementor-widget elementor-widget-image\" data-id=\"2fbf5e5a\" data-element_type=\"widget\" data-widget_type=\"image.default\">\n\t\t\t\t<div class=\"elementor-widget-container\">\n\t\t\t\t\t\t\t\t\t\t\t\t\t<img loading=\"lazy\" decoding=\"async\" width=\"800\" height=\"458\" src=\"https:\/\/fammediation.de\/wp-content\/uploads\/2024\/11\/Stock_Handschlag_SchwarzWeiss-1024x586.jpg\" class=\"attachment-large size-large wp-image-289\" alt=\"\" srcset=\"https:\/\/fammediation.de\/wp-content\/uploads\/2024\/11\/Stock_Handschlag_SchwarzWeiss-1024x586.jpg 1024w, https:\/\/fammediation.de\/wp-content\/uploads\/2024\/11\/Stock_Handschlag_SchwarzWeiss-300x172.jpg 300w, https:\/\/fammediation.de\/wp-content\/uploads\/2024\/11\/Stock_Handschlag_SchwarzWeiss-768x440.jpg 768w, https:\/\/fammediation.de\/wp-content\/uploads\/2024\/11\/Stock_Handschlag_SchwarzWeiss-1536x879.jpg 1536w, https:\/\/fammediation.de\/wp-content\/uploads\/2024\/11\/Stock_Handschlag_SchwarzWeiss.jpg 1920w\" sizes=\"(max-width: 800px) 100vw, 800px\" \/>\t\t\t\t\t\t\t\t\t\t\t\t\t<\/div>\n\t\t\t\t<\/div>\n\t\t\t\t<\/div>\n\t\t\t\t<\/div>\n\t\t\t\t<\/div>\n\t\t","protected":false},"excerpt":{"rendered":"<p>Sozialmediation Sozialmediation spielt eine wichtige Rolle in der Konfliktl\u00f6sung f\u00fcr ein harmonisches und respektvolles Miteinander. Konflikte k\u00f6nnen das Zusammenleben erschweren, doch durch Mediation werden Wege aufgezeigt, um nahe liegende Ziele zu erreichen und zu einer befriedenden L\u00f6sung zu gelangen. Mit einem neuen Blickwinkel k\u00f6nnen bestehende Spannungen \u00fcberwunden und das gesamte soziale Umfeld in ein positiveres [&hellip;]<\/p>\n","protected":false},"author":4,"featured_media":0,"parent":0,"menu_order":0,"comment_status":"closed","ping_status":"closed","template":"","meta":{"footnotes":""},"class_list":["post-168","page","type-page","status-publish","hentry"],"_links":{"self":[{"href":"https:\/\/fammediation.de\/index.php\/wp-json\/wp\/v2\/pages\/168","targetHints":{"allow":["GET"]}}],"collection":[{"href":"https:\/\/fammediation.de\/index.php\/wp-json\/wp\/v2\/pages"}],"about":[{"href":"https:\/\/fammediation.de\/index.php\/wp-json\/wp\/v2\/types\/page"}],"author":[{"embeddable":true,"href":"https:\/\/fammediation.de\/index.php\/wp-json\/wp\/v2\/users\/4"}],"replies":[{"embeddable":true,"href":"https:\/\/fammediation.de\/index.php\/wp-json\/wp\/v2\/comments?post=168"}],"version-history":[{"count":24,"href":"https:\/\/fammediation.de\/index.php\/wp-json\/wp\/v2\/pages\/168\/revisions"}],"predecessor-version":[{"id":435,"href":"https:\/\/fammediation.de\/index.php\/wp-json\/wp\/v2\/pages\/168\/revisions\/435"}],"wp:attachment":[{"href":"https:\/\/fammediation.de\/index.php\/wp-json\/wp\/v2\/media?parent=168"}],"curies":[{"name":"wp","href":"https:\/\/api.w.org\/{rel}","templated":true}]}}