{"id":146,"date":"2024-11-07T13:32:58","date_gmt":"2024-11-07T12:32:58","guid":{"rendered":"http:\/\/wordpress.p679363.webspaceconfig.de\/?page_id=146"},"modified":"2025-04-15T09:11:40","modified_gmt":"2025-04-15T07:11:40","slug":"familienmediation","status":"publish","type":"page","link":"https:\/\/fammediation.de\/index.php\/familienmediation\/","title":{"rendered":"Familienmediation"},"content":{"rendered":"\t\t<div data-elementor-type=\"wp-page\" data-elementor-id=\"146\" class=\"elementor elementor-146\" data-elementor-post-type=\"page\">\n\t\t\t\t\t\t<section class=\"elementor-section elementor-top-section elementor-element elementor-element-99c4187 elementor-section-boxed elementor-section-height-default elementor-section-height-default\" data-id=\"99c4187\" data-element_type=\"section\" data-settings=\"{&quot;background_background&quot;:&quot;classic&quot;}\">\n\t\t\t\t\t\t<div class=\"elementor-container elementor-column-gap-default\">\n\t\t\t\t\t<div class=\"elementor-column elementor-col-50 elementor-top-column elementor-element elementor-element-eb4f878\" data-id=\"eb4f878\" data-element_type=\"column\">\n\t\t\t<div class=\"elementor-widget-wrap elementor-element-populated\">\n\t\t\t\t\t\t<div class=\"elementor-element elementor-element-3130cdb elementor-widget elementor-widget-heading\" data-id=\"3130cdb\" data-element_type=\"widget\" data-widget_type=\"heading.default\">\n\t\t\t\t<div class=\"elementor-widget-container\">\n\t\t\t<h2 class=\"elementor-heading-title elementor-size-default\">Familienmediation<\/h2>\t\t<\/div>\n\t\t\t\t<\/div>\n\t\t\t\t\t<\/div>\n\t\t<\/div>\n\t\t\t\t<div class=\"elementor-column elementor-col-50 elementor-top-column elementor-element elementor-element-39238c1\" data-id=\"39238c1\" data-element_type=\"column\">\n\t\t\t<div class=\"elementor-widget-wrap elementor-element-populated\">\n\t\t\t\t\t\t<div class=\"elementor-element elementor-element-280aba4 elementor-widget elementor-widget-text-editor\" data-id=\"280aba4\" data-element_type=\"widget\" data-widget_type=\"text-editor.default\">\n\t\t\t\t<div class=\"elementor-widget-container\">\n\t\t\t\t\t\t\t<p>In Familienmediationen k\u00f6nnen herausfordernde Situationen und Konflikte auftreten, sei es im Bereich der Elternschaft oder finanziellen Themen. Auf dieser Seite erfahren Sie, wie Familienmediation als effektives Instrument eingesetzt werden kann, um Konflikte in Familienstrukturen konstruktiv zu l\u00f6sen und nachhaltige L\u00f6sungen zu finden.<\/p>\t\t\t\t\t\t<\/div>\n\t\t\t\t<\/div>\n\t\t\t\t\t<\/div>\n\t\t<\/div>\n\t\t\t\t\t<\/div>\n\t\t<\/section>\n\t\t<div class=\"elementor-element elementor-element-7e89d18 e-con-full e-flex e-con e-parent\" data-id=\"7e89d18\" data-element_type=\"container\" data-settings=\"{&quot;background_background&quot;:&quot;classic&quot;}\">\n\t\t<div class=\"elementor-element elementor-element-6724ff8f e-con-full e-flex e-con e-child\" data-id=\"6724ff8f\" data-element_type=\"container\">\n\t\t\t\t<div class=\"elementor-element elementor-element-17fac0f6 elementor-widget elementor-widget-heading\" data-id=\"17fac0f6\" data-element_type=\"widget\" data-widget_type=\"heading.default\">\n\t\t\t\t<div class=\"elementor-widget-container\">\n\t\t\t<h2 class=\"elementor-heading-title elementor-size-default\">Vielf\u00e4ltige Anwendungsbereiche der Familienmediation<\/h2>\t\t<\/div>\n\t\t\t\t<\/div>\n\t\t\t\t<div class=\"elementor-element elementor-element-1d4c7c2 elementor-widget elementor-widget-text-editor\" data-id=\"1d4c7c2\" data-element_type=\"widget\" data-widget_type=\"text-editor.default\">\n\t\t\t\t<div class=\"elementor-widget-container\">\n\t\t\t\t\t\t\t<p>Die Familienmediation unterst\u00fctzt in vielf\u00e4ltigen Situationen, in denen Konflikte zwischen Familienmitgliedern zu kl\u00e4ren sind. Sie f\u00f6rdert den Dialog und hilft dabei, gemeinsame L\u00f6sungen zu finden, die langfristig tragf\u00e4hig sind. Zu den h\u00e4ufigsten Anwendungsbereichen geh\u00f6ren:<\/p><ul><li><strong>Trennung und Scheidung:<\/strong> Hier geht es darum, faire Regelungen zu finden, die die Bed\u00fcrfnisse aller Beteiligten ber\u00fccksichtigen \u2013 insbesondere der Kinder.<\/li><li><strong>Eltern-Kind-Konflikte:<\/strong> Wenn es zu Spannungen zwischen Eltern und Kindern kommt, hilft die Mediation, Kommunikationsbarrieren zu \u00fcberwinden und L\u00f6sungen zu finden, die das Familienklima verbessern.<\/li><li><strong>Finanzielle Regelungen:<\/strong> Gerade bei Trennung und Scheidung spielen finanzielle Fragen eine zentrale Rolle. In der Mediation werden L\u00f6sungen f\u00fcr finanzielle Fragestellungen und Verm\u00f6gensaufteilung\u00a0 erarbeitet, die f\u00fcr beide Parteien fair und realistisch sind.<\/li><\/ul><p>\u00a0<\/p><p>Die Familienmediation bietet einen strukturierten Rahmen, in dem alle Parteien gleichberechtigt geh\u00f6rt werden und gemeinsame L\u00f6sungen entwickeln k\u00f6nnen \u2013 immer im Sinne einer langfristigen und harmonischen Familienstruktur.<\/p>\t\t\t\t\t\t<\/div>\n\t\t\t\t<\/div>\n\t\t\t\t<\/div>\n\t\t<div class=\"elementor-element elementor-element-3f722b88 e-con-full e-flex e-con e-child\" data-id=\"3f722b88\" data-element_type=\"container\">\n\t\t\t\t<div class=\"elementor-element elementor-element-165ca8a7 elementor-widget elementor-widget-image\" data-id=\"165ca8a7\" data-element_type=\"widget\" data-widget_type=\"image.default\">\n\t\t\t\t<div class=\"elementor-widget-container\">\n\t\t\t\t\t\t\t\t\t\t\t\t\t<img fetchpriority=\"high\" decoding=\"async\" width=\"640\" height=\"960\" src=\"https:\/\/fammediation.de\/wp-content\/uploads\/2024\/10\/patricia-prudente-6UyWK8mDcWo-unsplash-1.jpg\" class=\"attachment-full size-full wp-image-41\" alt=\"\" srcset=\"https:\/\/fammediation.de\/wp-content\/uploads\/2024\/10\/patricia-prudente-6UyWK8mDcWo-unsplash-1.jpg 640w, https:\/\/fammediation.de\/wp-content\/uploads\/2024\/10\/patricia-prudente-6UyWK8mDcWo-unsplash-1-200x300.jpg 200w\" sizes=\"(max-width: 640px) 100vw, 640px\" \/>\t\t\t\t\t\t\t\t\t\t\t\t\t<\/div>\n\t\t\t\t<\/div>\n\t\t\t\t<\/div>\n\t\t\t\t<\/div>\n\t\t<div class=\"elementor-element elementor-element-6938dc06 e-con-full e-flex e-con e-parent\" data-id=\"6938dc06\" data-element_type=\"container\" data-settings=\"{&quot;background_background&quot;:&quot;classic&quot;}\">\n\t\t<div class=\"elementor-element elementor-element-9c9f252 e-con-full e-flex e-con e-child\" data-id=\"9c9f252\" data-element_type=\"container\">\n\t\t\t\t<div class=\"elementor-element elementor-element-6c69287c elementor-widget elementor-widget-heading\" data-id=\"6c69287c\" data-element_type=\"widget\" data-widget_type=\"heading.default\">\n\t\t\t\t<div class=\"elementor-widget-container\">\n\t\t\t<h2 class=\"elementor-heading-title elementor-size-default\">Als Paar getrennt, als Eltern vereint<\/h2>\t\t<\/div>\n\t\t\t\t<\/div>\n\t\t\t\t<div class=\"elementor-element elementor-element-e49d89f elementor-widget elementor-widget-text-editor\" data-id=\"e49d89f\" data-element_type=\"widget\" data-widget_type=\"text-editor.default\">\n\t\t\t\t<div class=\"elementor-widget-container\">\n\t\t\t\t\t\t\t<p>Eine Trennung oder Scheidung bedeutet das Ende der Partnerschaft \u2013 aber nicht das Ende der Elternschaft. Gerade in dieser herausfordernden Zeit stehen die Bed\u00fcrfnisse der Kinder im Mittelpunkt. Die Familienmediation bietet einen gesch\u00fctzten Raum, in dem Sie als Eltern gemeinsam L\u00f6sungen entwickeln k\u00f6nnen, die allen Beteiligten gerecht werden.<\/p><p>Im Rahmen der Mediation unterst\u00fctze ich Sie dabei:<\/p><ul><li><strong>Klare Regelungen zu finden:<\/strong> Von der Betreuung der Kinder \u00fcber den Umgang bis hin zu finanziellen Fragen \u2013 alle wichtigen Themen werden strukturiert und einvernehmlich gekl\u00e4rt.<\/li><li><strong>Kommunikation zu st\u00e4rken:<\/strong> Ich helfe Ihnen, respektvoll und l\u00f6sungsorientiert miteinander zu sprechen, um Missverst\u00e4ndnisse und Konflikte zu vermeiden.<\/li><li><strong>Das Wohl der Kinder zu sichern:<\/strong> Gemeinsam erarbeiten wir eine Grundlage, die den Kindern Stabilit\u00e4t und Sicherheit bietet, auch in der neuen Lebenssituation.<\/li><\/ul><p>\u00a0<\/p><p>Das Ziel der Familienmediation ist es, als Eltern einen gemeinsamen Weg zu finden, trotz Trennung weiterhin partnerschaftlich f\u00fcr Ihre Kinder da zu sein. So bleibt das Wichtigste erhalten: Ihre Rolle als starke und verantwortungsbewusste Eltern.<\/p>\t\t\t\t\t\t<\/div>\n\t\t\t\t<\/div>\n\t\t\t\t<\/div>\n\t\t<div class=\"elementor-element elementor-element-c051af0 e-con-full e-flex e-con e-child\" data-id=\"c051af0\" data-element_type=\"container\">\n\t\t\t\t<div class=\"elementor-element elementor-element-2c1439a8 elementor-widget elementor-widget-image\" data-id=\"2c1439a8\" data-element_type=\"widget\" data-widget_type=\"image.default\">\n\t\t\t\t<div class=\"elementor-widget-container\">\n\t\t\t\t\t\t\t\t\t\t\t\t\t<img decoding=\"async\" width=\"2560\" height=\"1707\" src=\"https:\/\/fammediation.de\/wp-content\/uploads\/2025\/01\/Sirotek_AmSchreibtisch-scaled.jpg\" class=\"attachment-full size-full wp-image-407\" alt=\"\" srcset=\"https:\/\/fammediation.de\/wp-content\/uploads\/2025\/01\/Sirotek_AmSchreibtisch-scaled.jpg 2560w, https:\/\/fammediation.de\/wp-content\/uploads\/2025\/01\/Sirotek_AmSchreibtisch-300x200.jpg 300w, https:\/\/fammediation.de\/wp-content\/uploads\/2025\/01\/Sirotek_AmSchreibtisch-1024x683.jpg 1024w, https:\/\/fammediation.de\/wp-content\/uploads\/2025\/01\/Sirotek_AmSchreibtisch-768x512.jpg 768w, https:\/\/fammediation.de\/wp-content\/uploads\/2025\/01\/Sirotek_AmSchreibtisch-1536x1024.jpg 1536w, https:\/\/fammediation.de\/wp-content\/uploads\/2025\/01\/Sirotek_AmSchreibtisch-2048x1366.jpg 2048w\" sizes=\"(max-width: 2560px) 100vw, 2560px\" \/>\t\t\t\t\t\t\t\t\t\t\t\t\t<\/div>\n\t\t\t\t<\/div>\n\t\t\t\t<\/div>\n\t\t\t\t<\/div>\n\t\t<div class=\"elementor-element elementor-element-20614087 e-con-full e-flex e-con e-parent\" data-id=\"20614087\" data-element_type=\"container\" data-settings=\"{&quot;background_background&quot;:&quot;classic&quot;}\">\n\t\t<div class=\"elementor-element elementor-element-71d6d17b e-con-full e-flex e-con e-child\" data-id=\"71d6d17b\" data-element_type=\"container\">\n\t\t\t\t<div class=\"elementor-element elementor-element-2bbc2e82 elementor-widget elementor-widget-heading\" data-id=\"2bbc2e82\" data-element_type=\"widget\" data-widget_type=\"heading.default\">\n\t\t\t\t<div class=\"elementor-widget-container\">\n\t\t\t<h2 class=\"elementor-heading-title elementor-size-default\">Rechtsverbindliche L\u00f6sungen<\/h2>\t\t<\/div>\n\t\t\t\t<\/div>\n\t\t\t\t<div class=\"elementor-element elementor-element-55d8f8d4 elementor-widget elementor-widget-text-editor\" data-id=\"55d8f8d4\" data-element_type=\"widget\" data-widget_type=\"text-editor.default\">\n\t\t\t\t<div class=\"elementor-widget-container\">\n\t\t\t\t\t\t\t<p>Die in der Mediation gefundenen Vereinbarungen k\u00f6nnen durch einen Rechtsanwalt oder Notar bei Bedarf in eine juristisch bindende Form gebracht werden. So stellen Sie sicher, dass Ihre L\u00f6sungen nicht nur einvernehmlich, sondern auch rechtlich abgesichert sind. Diese verbindlichen Regelungen bieten Ihnen Klarheit und Sicherheit f\u00fcr die Zukunft.<\/p>\t\t\t\t\t\t<\/div>\n\t\t\t\t<\/div>\n\t\t\t\t<\/div>\n\t\t<div class=\"elementor-element elementor-element-5e2361bb e-con-full e-flex e-con e-child\" data-id=\"5e2361bb\" data-element_type=\"container\">\n\t\t\t\t<div class=\"elementor-element elementor-element-6426df4d elementor-widget elementor-widget-image\" data-id=\"6426df4d\" data-element_type=\"widget\" data-widget_type=\"image.default\">\n\t\t\t\t<div class=\"elementor-widget-container\">\n\t\t\t\t\t\t\t\t\t\t\t\t\t<img decoding=\"async\" width=\"1920\" height=\"1280\" src=\"https:\/\/fammediation.de\/wp-content\/uploads\/2024\/11\/Stock_gerichtlicheEinigung.jpg\" class=\"attachment-full size-full wp-image-304\" alt=\"\" srcset=\"https:\/\/fammediation.de\/wp-content\/uploads\/2024\/11\/Stock_gerichtlicheEinigung.jpg 1920w, https:\/\/fammediation.de\/wp-content\/uploads\/2024\/11\/Stock_gerichtlicheEinigung-300x200.jpg 300w, https:\/\/fammediation.de\/wp-content\/uploads\/2024\/11\/Stock_gerichtlicheEinigung-1024x683.jpg 1024w, https:\/\/fammediation.de\/wp-content\/uploads\/2024\/11\/Stock_gerichtlicheEinigung-768x512.jpg 768w, https:\/\/fammediation.de\/wp-content\/uploads\/2024\/11\/Stock_gerichtlicheEinigung-1536x1024.jpg 1536w\" sizes=\"(max-width: 1920px) 100vw, 1920px\" \/>\t\t\t\t\t\t\t\t\t\t\t\t\t<\/div>\n\t\t\t\t<\/div>\n\t\t\t\t<\/div>\n\t\t\t\t<\/div>\n\t\t<div class=\"elementor-element elementor-element-2ddc54b e-con-full e-flex e-con e-parent\" data-id=\"2ddc54b\" data-element_type=\"container\" data-settings=\"{&quot;background_background&quot;:&quot;classic&quot;}\">\n\t\t<div class=\"elementor-element elementor-element-1018c81 e-con-full e-flex e-con e-child\" data-id=\"1018c81\" data-element_type=\"container\">\n\t\t\t\t<div class=\"elementor-element elementor-element-cd15a1e elementor-widget elementor-widget-heading\" data-id=\"cd15a1e\" data-element_type=\"widget\" data-widget_type=\"heading.default\">\n\t\t\t\t<div class=\"elementor-widget-container\">\n\t\t\t<h2 class=\"elementor-heading-title elementor-size-default\">Mediation als Empowerment<\/h2>\t\t<\/div>\n\t\t\t\t<\/div>\n\t\t\t\t<div class=\"elementor-element elementor-element-e8e1d26 elementor-widget elementor-widget-text-editor\" data-id=\"e8e1d26\" data-element_type=\"widget\" data-widget_type=\"text-editor.default\">\n\t\t\t\t<div class=\"elementor-widget-container\">\n\t\t\t\t\t\t\t<p>Mediation als Empowerment und L\u00f6sungsorientierung zielt darauf ab, bei den Beteiligten die F\u00e4higkeit zu verst\u00e4rken, eigenverantwortliche Entscheidungen zu treffen und Verantwortung zu \u00fcbernehmen.<\/p><p>Durch einen l\u00f6sungsorientierten Ansatz werden Ergebnisse erzielt, die von allen Parteien als fair und tragf\u00e4hig wahrgenommen werden.<\/p><p>Dies st\u00e4rkt die Autonomie der Teilnehmer und f\u00f6rdert ihre Kompetenz, langfristig erfolgreiche und konstruktive L\u00f6sungen zu finden und umzusetzen.<\/p>\t\t\t\t\t\t<\/div>\n\t\t\t\t<\/div>\n\t\t\t\t<\/div>\n\t\t<div class=\"elementor-element elementor-element-aa47bf1 e-con-full e-flex e-con e-child\" data-id=\"aa47bf1\" data-element_type=\"container\">\n\t\t\t\t<div class=\"elementor-element elementor-element-adcf33d elementor-widget elementor-widget-image\" data-id=\"adcf33d\" data-element_type=\"widget\" data-widget_type=\"image.default\">\n\t\t\t\t<div class=\"elementor-widget-container\">\n\t\t\t\t\t\t\t\t\t\t\t\t\t<img loading=\"lazy\" decoding=\"async\" width=\"2560\" height=\"1708\" src=\"https:\/\/fammediation.de\/wp-content\/uploads\/2025\/01\/Sirotek_Whiteboard_Fragen-scaled.jpg\" class=\"attachment-full size-full wp-image-416\" alt=\"\" srcset=\"https:\/\/fammediation.de\/wp-content\/uploads\/2025\/01\/Sirotek_Whiteboard_Fragen-scaled.jpg 2560w, https:\/\/fammediation.de\/wp-content\/uploads\/2025\/01\/Sirotek_Whiteboard_Fragen-300x200.jpg 300w, https:\/\/fammediation.de\/wp-content\/uploads\/2025\/01\/Sirotek_Whiteboard_Fragen-1024x683.jpg 1024w, https:\/\/fammediation.de\/wp-content\/uploads\/2025\/01\/Sirotek_Whiteboard_Fragen-768x512.jpg 768w, https:\/\/fammediation.de\/wp-content\/uploads\/2025\/01\/Sirotek_Whiteboard_Fragen-1536x1025.jpg 1536w, https:\/\/fammediation.de\/wp-content\/uploads\/2025\/01\/Sirotek_Whiteboard_Fragen-2048x1366.jpg 2048w\" sizes=\"(max-width: 2560px) 100vw, 2560px\" \/>\t\t\t\t\t\t\t\t\t\t\t\t\t<\/div>\n\t\t\t\t<\/div>\n\t\t\t\t<\/div>\n\t\t\t\t<\/div>\n\t\t\t\t<\/div>\n\t\t","protected":false},"excerpt":{"rendered":"<p>Familienmediation In Familienmediationen k\u00f6nnen herausfordernde Situationen und Konflikte auftreten, sei es im Bereich der Elternschaft oder finanziellen Themen. Auf dieser Seite erfahren Sie, wie Familienmediation als effektives Instrument eingesetzt werden kann, um Konflikte in Familienstrukturen konstruktiv zu l\u00f6sen und nachhaltige L\u00f6sungen zu finden. Vielf\u00e4ltige Anwendungsbereiche der Familienmediation Die Familienmediation unterst\u00fctzt in vielf\u00e4ltigen Situationen, in denen [&hellip;]<\/p>\n","protected":false},"author":4,"featured_media":0,"parent":0,"menu_order":0,"comment_status":"closed","ping_status":"closed","template":"","meta":{"footnotes":""},"class_list":["post-146","page","type-page","status-publish","hentry"],"_links":{"self":[{"href":"https:\/\/fammediation.de\/index.php\/wp-json\/wp\/v2\/pages\/146","targetHints":{"allow":["GET"]}}],"collection":[{"href":"https:\/\/fammediation.de\/index.php\/wp-json\/wp\/v2\/pages"}],"about":[{"href":"https:\/\/fammediation.de\/index.php\/wp-json\/wp\/v2\/types\/page"}],"author":[{"embeddable":true,"href":"https:\/\/fammediation.de\/index.php\/wp-json\/wp\/v2\/users\/4"}],"replies":[{"embeddable":true,"href":"https:\/\/fammediation.de\/index.php\/wp-json\/wp\/v2\/comments?post=146"}],"version-history":[{"count":33,"href":"https:\/\/fammediation.de\/index.php\/wp-json\/wp\/v2\/pages\/146\/revisions"}],"predecessor-version":[{"id":555,"href":"https:\/\/fammediation.de\/index.php\/wp-json\/wp\/v2\/pages\/146\/revisions\/555"}],"wp:attachment":[{"href":"https:\/\/fammediation.de\/index.php\/wp-json\/wp\/v2\/media?parent=146"}],"curies":[{"name":"wp","href":"https:\/\/api.w.org\/{rel}","templated":true}]}}